{"id":602,"date":"2021-09-20T21:01:33","date_gmt":"2021-09-20T21:01:33","guid":{"rendered":"https:\/\/ipscbolivia.org\/?page_id=602"},"modified":"2023-05-12T14:52:37","modified_gmt":"2023-05-12T14:52:37","slug":"medallas-del-presidente","status":"publish","type":"page","link":"https:\/\/ipscbolivia.org\/index.php\/torneos\/medallas-del-presidente\/","title":{"rendered":"MEDALLAS DEL PRESIDENTES"},"content":{"rendered":"\t\t<div data-elementor-type=\"wp-page\" data-elementor-id=\"602\" class=\"elementor elementor-602\">\n\t\t\t\t\t\t<section class=\"elementor-section elementor-top-section elementor-element elementor-element-aa616f5 elementor-section-boxed elementor-section-height-default elementor-section-height-default\" data-id=\"aa616f5\" data-element_type=\"section\" data-settings=\"{&quot;background_background&quot;:&quot;classic&quot;}\">\n\t\t\t\t\t\t<div class=\"elementor-container elementor-column-gap-default\">\n\t\t\t\t\t<div class=\"elementor-column elementor-col-50 elementor-top-column elementor-element elementor-element-ae8c246\" data-id=\"ae8c246\" data-element_type=\"column\">\n\t\t\t<div class=\"elementor-widget-wrap elementor-element-populated\">\n\t\t\t\t\t\t<div class=\"elementor-element elementor-element-83684f7 elementor-widget elementor-widget-spacer\" data-id=\"83684f7\" data-element_type=\"widget\" data-widget_type=\"spacer.default\">\n\t\t\t\t<div class=\"elementor-widget-container\">\n\t\t\t\t\t\t\t<div class=\"elementor-spacer\">\n\t\t\t<div class=\"elementor-spacer-inner\"><\/div>\n\t\t<\/div>\n\t\t\t\t\t\t<\/div>\n\t\t\t\t<\/div>\n\t\t\t\t<div class=\"elementor-element elementor-element-5e62aaa animated-slow elementor-invisible elementor-widget elementor-widget-image\" data-id=\"5e62aaa\" data-element_type=\"widget\" data-settings=\"{&quot;_animation&quot;:&quot;fadeIn&quot;}\" data-widget_type=\"image.default\">\n\t\t\t\t<div class=\"elementor-widget-container\">\n\t\t\t\t\t\t\t\t\t\t\t\t\t\t\t<img fetchpriority=\"high\" decoding=\"async\" width=\"941\" height=\"2000\" src=\"https:\/\/ipscbolivia.org\/wp-content\/uploads\/2021\/10\/MEDALLA-PRESIDENTE.png\" class=\"attachment-full size-full wp-image-856\" alt=\"\" srcset=\"https:\/\/ipscbolivia.org\/wp-content\/uploads\/2021\/10\/MEDALLA-PRESIDENTE.png 941w, https:\/\/ipscbolivia.org\/wp-content\/uploads\/2021\/10\/MEDALLA-PRESIDENTE-600x1275.png 600w, https:\/\/ipscbolivia.org\/wp-content\/uploads\/2021\/10\/MEDALLA-PRESIDENTE-141x300.png 141w, https:\/\/ipscbolivia.org\/wp-content\/uploads\/2021\/10\/MEDALLA-PRESIDENTE-482x1024.png 482w, https:\/\/ipscbolivia.org\/wp-content\/uploads\/2021\/10\/MEDALLA-PRESIDENTE-768x1632.png 768w, https:\/\/ipscbolivia.org\/wp-content\/uploads\/2021\/10\/MEDALLA-PRESIDENTE-723x1536.png 723w\" sizes=\"(max-width: 941px) 100vw, 941px\" \/>\t\t\t\t\t\t\t\t\t\t\t\t\t\t\t<\/div>\n\t\t\t\t<\/div>\n\t\t\t\t\t<\/div>\n\t\t<\/div>\n\t\t\t\t<div class=\"elementor-column elementor-col-50 elementor-top-column elementor-element elementor-element-59e808b\" data-id=\"59e808b\" data-element_type=\"column\">\n\t\t\t<div class=\"elementor-widget-wrap elementor-element-populated\">\n\t\t\t\t\t\t<div class=\"elementor-element elementor-element-03de6c1 elementor-hidden-mobile elementor-widget elementor-widget-spacer\" data-id=\"03de6c1\" data-element_type=\"widget\" data-widget_type=\"spacer.default\">\n\t\t\t\t<div class=\"elementor-widget-container\">\n\t\t\t\t\t\t\t<div class=\"elementor-spacer\">\n\t\t\t<div class=\"elementor-spacer-inner\"><\/div>\n\t\t<\/div>\n\t\t\t\t\t\t<\/div>\n\t\t\t\t<\/div>\n\t\t\t\t<div class=\"elementor-element elementor-element-22df65a elementor-widget elementor-widget-heading\" data-id=\"22df65a\" data-element_type=\"widget\" data-widget_type=\"heading.default\">\n\t\t\t\t<div class=\"elementor-widget-container\">\n\t\t\t\t\t<h2 class=\"elementor-heading-title elementor-size-default\">MEDALLAS DEL PRESIDENTE<\/h2>\t\t\t\t<\/div>\n\t\t\t\t<\/div>\n\t\t\t\t<div class=\"elementor-element elementor-element-2d0dcf2 elementor-widget elementor-widget-text-editor\" data-id=\"2d0dcf2\" data-element_type=\"widget\" data-widget_type=\"text-editor.default\">\n\t\t\t\t<div class=\"elementor-widget-container\">\n\t\t\t\t\t\t\t\t\t<p>Las medallas se otorgan a los ganadores de la Divisi\u00f3n (Abierto, Est\u00e1ndar, Cl\u00e1sico, Producci\u00f3n y Rev\u00f3lver) solo cuando hay al menos 10 competidores en la Divisi\u00f3n Divisi\u00f3n para partidos de Nivel III (20 competidores en la Divisi\u00f3n para partidos de Nivel IV y superiores), y para Categor\u00eda ganadores (Lady, Junior, Senior, Super Senior) solo cuando haya al menos 5 competidores en la Categor\u00eda.<\/p>\t\t\t\t\t\t\t\t<\/div>\n\t\t\t\t<\/div>\n\t\t\t\t<section class=\"elementor-section elementor-inner-section elementor-element elementor-element-d189df1 elementor-section-boxed elementor-section-height-default elementor-section-height-default\" data-id=\"d189df1\" data-element_type=\"section\">\n\t\t\t\t\t\t<div class=\"elementor-container elementor-column-gap-default\">\n\t\t\t\t\t<div class=\"elementor-column elementor-col-50 elementor-inner-column elementor-element elementor-element-f4059d0\" data-id=\"f4059d0\" data-element_type=\"column\">\n\t\t\t<div class=\"elementor-widget-wrap elementor-element-populated\">\n\t\t\t\t\t\t<div class=\"elementor-element elementor-element-6ed122f7 elementor-widget elementor-widget-image\" data-id=\"6ed122f7\" data-element_type=\"widget\" data-widget_type=\"image.default\">\n\t\t\t\t<div class=\"elementor-widget-container\">\n\t\t\t\t\t\t\t\t\t\t\t\t\t\t\t<img decoding=\"async\" width=\"676\" height=\"1300\" src=\"https:\/\/ipscbolivia.org\/wp-content\/uploads\/2021\/10\/medalla.png\" class=\"attachment-full size-full wp-image-855\" alt=\"\" srcset=\"https:\/\/ipscbolivia.org\/wp-content\/uploads\/2021\/10\/medalla.png 676w, https:\/\/ipscbolivia.org\/wp-content\/uploads\/2021\/10\/medalla-600x1154.png 600w, https:\/\/ipscbolivia.org\/wp-content\/uploads\/2021\/10\/medalla-156x300.png 156w, https:\/\/ipscbolivia.org\/wp-content\/uploads\/2021\/10\/medalla-532x1024.png 532w\" sizes=\"(max-width: 676px) 100vw, 676px\" \/>\t\t\t\t\t\t\t\t\t\t\t\t\t\t\t<\/div>\n\t\t\t\t<\/div>\n\t\t\t\t\t<\/div>\n\t\t<\/div>\n\t\t\t\t<div class=\"elementor-column elementor-col-50 elementor-inner-column elementor-element elementor-element-7159aca\" data-id=\"7159aca\" data-element_type=\"column\">\n\t\t\t<div class=\"elementor-widget-wrap elementor-element-populated\">\n\t\t\t\t\t\t<div class=\"elementor-element elementor-element-290c94de elementor-widget elementor-widget-counter\" data-id=\"290c94de\" data-element_type=\"widget\" data-widget_type=\"counter.default\">\n\t\t\t\t<div class=\"elementor-widget-container\">\n\t\t\t\t\t\t\t<div class=\"elementor-counter\">\n\t\t\t<div class=\"elementor-counter-title\">MEDALLAS TOTAL GANADAS<\/div>\t\t\t<div class=\"elementor-counter-number-wrapper\">\n\t\t\t\t<span class=\"elementor-counter-number-prefix\"><\/span>\n\t\t\t\t<span class=\"elementor-counter-number\" data-duration=\"2000\" data-to-value=\"69\" data-from-value=\"\" data-delimiter=\",\"><\/span>\n\t\t\t\t<span class=\"elementor-counter-number-suffix\"><\/span>\n\t\t\t<\/div>\n\t\t<\/div>\n\t\t\t\t\t\t<\/div>\n\t\t\t\t<\/div>\n\t\t\t\t<div class=\"elementor-element elementor-element-f01c957 elementor-align-center elementor-widget elementor-widget-button\" data-id=\"f01c957\" data-element_type=\"widget\" data-widget_type=\"button.default\">\n\t\t\t\t<div class=\"elementor-widget-container\">\n\t\t\t\t\t\t\t\t\t<div class=\"elementor-button-wrapper\">\n\t\t\t\t\t<a class=\"elementor-button elementor-button-link elementor-size-sm\" href=\"https:\/\/ipscbolivia.org\/wp-content\/uploads\/2023\/05\/MEDALLAS-DEL-PRESIDENTE-2022.xlsx\">\n\t\t\t\t\t\t<span class=\"elementor-button-content-wrapper\">\n\t\t\t\t\t\t\t\t\t<span class=\"elementor-button-text\">DESCARGAR LISTA<\/span>\n\t\t\t\t\t<\/span>\n\t\t\t\t\t<\/a>\n\t\t\t\t<\/div>\n\t\t\t\t\t\t\t\t<\/div>\n\t\t\t\t<\/div>\n\t\t\t\t\t<\/div>\n\t\t<\/div>\n\t\t\t\t\t<\/div>\n\t\t<\/section>\n\t\t\t\t\t<\/div>\n\t\t<\/div>\n\t\t\t\t\t<\/div>\n\t\t<\/section>\n\t\t\t\t<\/div>\n\t\t","protected":false},"excerpt":{"rendered":"<p>MEDALLAS DEL PRESIDENTE Las medallas se otorgan a los ganadores de la Divisi\u00f3n (Abierto, Est\u00e1ndar, Cl\u00e1sico, Producci\u00f3n y Rev\u00f3lver) solo cuando hay al menos 10 competidores en la Divisi\u00f3n Divisi\u00f3n para partidos de Nivel III (20 competidores en la Divisi\u00f3n para partidos de Nivel IV y superiores), y para Categor\u00eda ganadores (Lady, Junior, Senior, Super &hellip;<\/p>\n<p class=\"read-more\"> <a class=\"\" href=\"https:\/\/ipscbolivia.org\/index.php\/torneos\/medallas-del-presidente\/\"> <span class=\"screen-reader-text\">MEDALLAS DEL PRESIDENTES<\/span> Leer m\u00e1s &raquo;<\/a><\/p>\n","protected":false},"author":1,"featured_media":0,"parent":93,"menu_order":0,"comment_status":"closed","ping_status":"closed","template":"","meta":{"footnotes":""},"class_list":["post-602","page","type-page","status-publish","hentry"],"yoast_head":"<!-- This site is optimized with the Yoast SEO plugin v26.4 - https:\/\/yoast.com\/wordpress\/plugins\/seo\/ -->\n<title>MEDALLAS DEL PRESIDENTES - FEDERACI\u00d3N BOLIVIANA TIRO PR\u00c1CTICO<\/title>\n<meta name=\"robots\" content=\"index, follow, max-snippet:-1, max-image-preview:large, max-video-preview:-1\" \/>\n<link rel=\"canonical\" href=\"https:\/\/ipscbolivia.org\/index.php\/torneos\/medallas-del-presidente\/\" \/>\n<meta property=\"og:locale\" content=\"es_ES\" \/>\n<meta property=\"og:type\" content=\"article\" \/>\n<meta property=\"og:title\" content=\"MEDALLAS DEL PRESIDENTES - FEDERACI\u00d3N BOLIVIANA TIRO PR\u00c1CTICO\" \/>\n<meta property=\"og:description\" content=\"MEDALLAS DEL PRESIDENTE Las medallas se otorgan a los ganadores de la Divisi\u00f3n (Abierto, Est\u00e1ndar, Cl\u00e1sico, Producci\u00f3n y Rev\u00f3lver) solo cuando hay al menos 10 competidores en la Divisi\u00f3n Divisi\u00f3n para partidos de Nivel III (20 competidores en la Divisi\u00f3n para partidos de Nivel IV y superiores), y para Categor\u00eda ganadores (Lady, Junior, Senior, Super &hellip; MEDALLAS DEL PRESIDENTES Leer m\u00e1s &raquo;\" \/>\n<meta property=\"og:url\" content=\"https:\/\/ipscbolivia.org\/index.php\/torneos\/medallas-del-presidente\/\" \/>\n<meta property=\"og:site_name\" content=\"FEDERACI\u00d3N BOLIVIANA TIRO PR\u00c1CTICO\" \/>\n<meta property=\"article:modified_time\" content=\"2023-05-12T14:52:37+00:00\" \/>\n<meta property=\"og:image\" content=\"https:\/\/ipscbolivia.org\/wp-content\/uploads\/2021\/10\/MEDALLA-PRESIDENTE.png\" \/>\n<meta name=\"twitter:card\" content=\"summary_large_image\" \/>\n<meta name=\"twitter:label1\" content=\"Tiempo de lectura\" \/>\n\t<meta name=\"twitter:data1\" content=\"1 minuto\" \/>\n<script type=\"application\/ld+json\" class=\"yoast-schema-graph\">{\"@context\":\"https:\/\/schema.org\",\"@graph\":[{\"@type\":\"WebPage\",\"@id\":\"https:\/\/ipscbolivia.org\/index.php\/torneos\/medallas-del-presidente\/\",\"url\":\"https:\/\/ipscbolivia.org\/index.php\/torneos\/medallas-del-presidente\/\",\"name\":\"MEDALLAS DEL PRESIDENTES - FEDERACI\u00d3N BOLIVIANA TIRO PR\u00c1CTICO\",\"isPartOf\":{\"@id\":\"https:\/\/ipscbolivia.org\/#website\"},\"primaryImageOfPage\":{\"@id\":\"https:\/\/ipscbolivia.org\/index.php\/torneos\/medallas-del-presidente\/#primaryimage\"},\"image\":{\"@id\":\"https:\/\/ipscbolivia.org\/index.php\/torneos\/medallas-del-presidente\/#primaryimage\"},\"thumbnailUrl\":\"https:\/\/ipscbolivia.org\/wp-content\/uploads\/2021\/10\/MEDALLA-PRESIDENTE.png\",\"datePublished\":\"2021-09-20T21:01:33+00:00\",\"dateModified\":\"2023-05-12T14:52:37+00:00\",\"breadcrumb\":{\"@id\":\"https:\/\/ipscbolivia.org\/index.php\/torneos\/medallas-del-presidente\/#breadcrumb\"},\"inLanguage\":\"es\",\"potentialAction\":[{\"@type\":\"ReadAction\",\"target\":[\"https:\/\/ipscbolivia.org\/index.php\/torneos\/medallas-del-presidente\/\"]}]},{\"@type\":\"ImageObject\",\"inLanguage\":\"es\",\"@id\":\"https:\/\/ipscbolivia.org\/index.php\/torneos\/medallas-del-presidente\/#primaryimage\",\"url\":\"https:\/\/ipscbolivia.org\/wp-content\/uploads\/2021\/10\/MEDALLA-PRESIDENTE.png\",\"contentUrl\":\"https:\/\/ipscbolivia.org\/wp-content\/uploads\/2021\/10\/MEDALLA-PRESIDENTE.png\",\"width\":941,\"height\":2000},{\"@type\":\"BreadcrumbList\",\"@id\":\"https:\/\/ipscbolivia.org\/index.php\/torneos\/medallas-del-presidente\/#breadcrumb\",\"itemListElement\":[{\"@type\":\"ListItem\",\"position\":1,\"name\":\"Portada\",\"item\":\"https:\/\/ipscbolivia.org\/\"},{\"@type\":\"ListItem\",\"position\":2,\"name\":\"PR\u00d3XIMOS TORNEOS\",\"item\":\"https:\/\/ipscbolivia.org\/index.php\/torneos\/\"},{\"@type\":\"ListItem\",\"position\":3,\"name\":\"MEDALLAS DEL PRESIDENTES\"}]},{\"@type\":\"WebSite\",\"@id\":\"https:\/\/ipscbolivia.org\/#website\",\"url\":\"https:\/\/ipscbolivia.org\/\",\"name\":\"FEDERACI\u00d3N BOLIVIANA TIRO PR\u00c1CTICO\",\"description\":\"Direcci\u00f3n Regional IPSC Bolivia\",\"publisher\":{\"@id\":\"https:\/\/ipscbolivia.org\/#organization\"},\"potentialAction\":[{\"@type\":\"SearchAction\",\"target\":{\"@type\":\"EntryPoint\",\"urlTemplate\":\"https:\/\/ipscbolivia.org\/?s={search_term_string}\"},\"query-input\":{\"@type\":\"PropertyValueSpecification\",\"valueRequired\":true,\"valueName\":\"search_term_string\"}}],\"inLanguage\":\"es\"},{\"@type\":\"Organization\",\"@id\":\"https:\/\/ipscbolivia.org\/#organization\",\"name\":\"FEDERACI\u00d3N BOLIVIANA TIRO PR\u00c1CTICO\",\"url\":\"https:\/\/ipscbolivia.org\/\",\"logo\":{\"@type\":\"ImageObject\",\"inLanguage\":\"es\",\"@id\":\"https:\/\/ipscbolivia.org\/#\/schema\/logo\/image\/\",\"url\":\"https:\/\/ipscbolivia.org\/wp-content\/uploads\/2022\/08\/cropped-Logo-IPSC-final-min.png\",\"contentUrl\":\"https:\/\/ipscbolivia.org\/wp-content\/uploads\/2022\/08\/cropped-Logo-IPSC-final-min.png\",\"width\":1840,\"height\":2120,\"caption\":\"FEDERACI\u00d3N BOLIVIANA TIRO PR\u00c1CTICO\"},\"image\":{\"@id\":\"https:\/\/ipscbolivia.org\/#\/schema\/logo\/image\/\"}}]}<\/script>\n<!-- \/ Yoast SEO plugin. -->","yoast_head_json":{"title":"MEDALLAS DEL PRESIDENTES - FEDERACI\u00d3N BOLIVIANA TIRO PR\u00c1CTICO","robots":{"index":"index","follow":"follow","max-snippet":"max-snippet:-1","max-image-preview":"max-image-preview:large","max-video-preview":"max-video-preview:-1"},"canonical":"https:\/\/ipscbolivia.org\/index.php\/torneos\/medallas-del-presidente\/","og_locale":"es_ES","og_type":"article","og_title":"MEDALLAS DEL PRESIDENTES - FEDERACI\u00d3N BOLIVIANA TIRO PR\u00c1CTICO","og_description":"MEDALLAS DEL PRESIDENTE Las medallas se otorgan a los ganadores de la Divisi\u00f3n (Abierto, Est\u00e1ndar, Cl\u00e1sico, Producci\u00f3n y Rev\u00f3lver) solo cuando hay al menos 10 competidores en la Divisi\u00f3n Divisi\u00f3n para partidos de Nivel III (20 competidores en la Divisi\u00f3n para partidos de Nivel IV y superiores), y para Categor\u00eda ganadores (Lady, Junior, Senior, Super &hellip; MEDALLAS DEL PRESIDENTES Leer m\u00e1s &raquo;","og_url":"https:\/\/ipscbolivia.org\/index.php\/torneos\/medallas-del-presidente\/","og_site_name":"FEDERACI\u00d3N BOLIVIANA TIRO PR\u00c1CTICO","article_modified_time":"2023-05-12T14:52:37+00:00","og_image":[{"url":"https:\/\/ipscbolivia.org\/wp-content\/uploads\/2021\/10\/MEDALLA-PRESIDENTE.png","type":"","width":"","height":""}],"twitter_card":"summary_large_image","twitter_misc":{"Tiempo de lectura":"1 minuto"},"schema":{"@context":"https:\/\/schema.org","@graph":[{"@type":"WebPage","@id":"https:\/\/ipscbolivia.org\/index.php\/torneos\/medallas-del-presidente\/","url":"https:\/\/ipscbolivia.org\/index.php\/torneos\/medallas-del-presidente\/","name":"MEDALLAS DEL PRESIDENTES - FEDERACI\u00d3N BOLIVIANA TIRO PR\u00c1CTICO","isPartOf":{"@id":"https:\/\/ipscbolivia.org\/#website"},"primaryImageOfPage":{"@id":"https:\/\/ipscbolivia.org\/index.php\/torneos\/medallas-del-presidente\/#primaryimage"},"image":{"@id":"https:\/\/ipscbolivia.org\/index.php\/torneos\/medallas-del-presidente\/#primaryimage"},"thumbnailUrl":"https:\/\/ipscbolivia.org\/wp-content\/uploads\/2021\/10\/MEDALLA-PRESIDENTE.png","datePublished":"2021-09-20T21:01:33+00:00","dateModified":"2023-05-12T14:52:37+00:00","breadcrumb":{"@id":"https:\/\/ipscbolivia.org\/index.php\/torneos\/medallas-del-presidente\/#breadcrumb"},"inLanguage":"es","potentialAction":[{"@type":"ReadAction","target":["https:\/\/ipscbolivia.org\/index.php\/torneos\/medallas-del-presidente\/"]}]},{"@type":"ImageObject","inLanguage":"es","@id":"https:\/\/ipscbolivia.org\/index.php\/torneos\/medallas-del-presidente\/#primaryimage","url":"https:\/\/ipscbolivia.org\/wp-content\/uploads\/2021\/10\/MEDALLA-PRESIDENTE.png","contentUrl":"https:\/\/ipscbolivia.org\/wp-content\/uploads\/2021\/10\/MEDALLA-PRESIDENTE.png","width":941,"height":2000},{"@type":"BreadcrumbList","@id":"https:\/\/ipscbolivia.org\/index.php\/torneos\/medallas-del-presidente\/#breadcrumb","itemListElement":[{"@type":"ListItem","position":1,"name":"Portada","item":"https:\/\/ipscbolivia.org\/"},{"@type":"ListItem","position":2,"name":"PR\u00d3XIMOS TORNEOS","item":"https:\/\/ipscbolivia.org\/index.php\/torneos\/"},{"@type":"ListItem","position":3,"name":"MEDALLAS DEL PRESIDENTES"}]},{"@type":"WebSite","@id":"https:\/\/ipscbolivia.org\/#website","url":"https:\/\/ipscbolivia.org\/","name":"FEDERACI\u00d3N BOLIVIANA TIRO PR\u00c1CTICO","description":"Direcci\u00f3n Regional IPSC Bolivia","publisher":{"@id":"https:\/\/ipscbolivia.org\/#organization"},"potentialAction":[{"@type":"SearchAction","target":{"@type":"EntryPoint","urlTemplate":"https:\/\/ipscbolivia.org\/?s={search_term_string}"},"query-input":{"@type":"PropertyValueSpecification","valueRequired":true,"valueName":"search_term_string"}}],"inLanguage":"es"},{"@type":"Organization","@id":"https:\/\/ipscbolivia.org\/#organization","name":"FEDERACI\u00d3N BOLIVIANA TIRO PR\u00c1CTICO","url":"https:\/\/ipscbolivia.org\/","logo":{"@type":"ImageObject","inLanguage":"es","@id":"https:\/\/ipscbolivia.org\/#\/schema\/logo\/image\/","url":"https:\/\/ipscbolivia.org\/wp-content\/uploads\/2022\/08\/cropped-Logo-IPSC-final-min.png","contentUrl":"https:\/\/ipscbolivia.org\/wp-content\/uploads\/2022\/08\/cropped-Logo-IPSC-final-min.png","width":1840,"height":2120,"caption":"FEDERACI\u00d3N BOLIVIANA TIRO PR\u00c1CTICO"},"image":{"@id":"https:\/\/ipscbolivia.org\/#\/schema\/logo\/image\/"}}]}},"_links":{"self":[{"href":"https:\/\/ipscbolivia.org\/index.php\/wp-json\/wp\/v2\/pages\/602","targetHints":{"allow":["GET"]}}],"collection":[{"href":"https:\/\/ipscbolivia.org\/index.php\/wp-json\/wp\/v2\/pages"}],"about":[{"href":"https:\/\/ipscbolivia.org\/index.php\/wp-json\/wp\/v2\/types\/page"}],"author":[{"embeddable":true,"href":"https:\/\/ipscbolivia.org\/index.php\/wp-json\/wp\/v2\/users\/1"}],"replies":[{"embeddable":true,"href":"https:\/\/ipscbolivia.org\/index.php\/wp-json\/wp\/v2\/comments?post=602"}],"version-history":[{"count":25,"href":"https:\/\/ipscbolivia.org\/index.php\/wp-json\/wp\/v2\/pages\/602\/revisions"}],"predecessor-version":[{"id":1144,"href":"https:\/\/ipscbolivia.org\/index.php\/wp-json\/wp\/v2\/pages\/602\/revisions\/1144"}],"up":[{"embeddable":true,"href":"https:\/\/ipscbolivia.org\/index.php\/wp-json\/wp\/v2\/pages\/93"}],"wp:attachment":[{"href":"https:\/\/ipscbolivia.org\/index.php\/wp-json\/wp\/v2\/media?parent=602"}],"curies":[{"name":"wp","href":"https:\/\/api.w.org\/{rel}","templated":true}]}}