{"id":597,"date":"2021-09-20T21:00:11","date_gmt":"2021-09-20T21:00:11","guid":{"rendered":"https:\/\/ipscbolivia.org\/?page_id=597"},"modified":"2024-03-13T20:54:03","modified_gmt":"2024-03-13T20:54:03","slug":"resultados","status":"publish","type":"page","link":"https:\/\/ipscbolivia.org\/index.php\/torneos\/resultados\/","title":{"rendered":"RESULTADOS"},"content":{"rendered":"\t\t<div data-elementor-type=\"wp-page\" data-elementor-id=\"597\" class=\"elementor elementor-597\">\n\t\t\t\t\t\t<section class=\"elementor-section elementor-top-section elementor-element elementor-element-a8e62d7 elementor-section-boxed elementor-section-height-default elementor-section-height-default\" data-id=\"a8e62d7\" data-element_type=\"section\" data-settings=\"{&quot;background_background&quot;:&quot;classic&quot;}\">\n\t\t\t\t\t\t<div class=\"elementor-container elementor-column-gap-default\">\n\t\t\t\t\t<div class=\"elementor-column elementor-col-33 elementor-top-column elementor-element elementor-element-e906026\" data-id=\"e906026\" data-element_type=\"column\">\n\t\t\t<div class=\"elementor-widget-wrap elementor-element-populated\">\n\t\t\t\t\t\t<div class=\"elementor-element elementor-element-6071121 elementor-widget elementor-widget-spacer\" data-id=\"6071121\" data-element_type=\"widget\" data-widget_type=\"spacer.default\">\n\t\t\t\t<div class=\"elementor-widget-container\">\n\t\t\t\t\t\t\t<div class=\"elementor-spacer\">\n\t\t\t<div class=\"elementor-spacer-inner\"><\/div>\n\t\t<\/div>\n\t\t\t\t\t\t<\/div>\n\t\t\t\t<\/div>\n\t\t\t\t<div class=\"elementor-element elementor-element-0b26138 elementor-widget elementor-widget-heading\" data-id=\"0b26138\" data-element_type=\"widget\" data-widget_type=\"heading.default\">\n\t\t\t\t<div class=\"elementor-widget-container\">\n\t\t\t\t\t<h2 class=\"elementor-heading-title elementor-size-default\">RESULTADO  DEL CAMPEONATO<\/h2>\t\t\t\t<\/div>\n\t\t\t\t<\/div>\n\t\t\t\t<div class=\"elementor-element elementor-element-20022f98 elementor-widget elementor-widget-text-editor\" data-id=\"20022f98\" data-element_type=\"widget\" data-widget_type=\"text-editor.default\">\n\t\t\t\t<div class=\"elementor-widget-container\">\n\t\t\t\t\t\t\t\t\t<p>Los resultados de un campeonato registrado de Nivel III (o superior) deben enviarse dentro de las dos semanas posteriores al campeonato. De lo contrario, el partido se <b>eliminar\u00e1 autom\u00e1ticamente<\/b>\u00a0del Calendario IPSC.<\/p>\t\t\t\t\t\t\t\t<\/div>\n\t\t\t\t<\/div>\n\t\t\t\t\t<\/div>\n\t\t<\/div>\n\t\t\t\t<div class=\"elementor-column elementor-col-66 elementor-top-column elementor-element elementor-element-cd7594e\" data-id=\"cd7594e\" data-element_type=\"column\">\n\t\t\t<div class=\"elementor-widget-wrap elementor-element-populated\">\n\t\t\t\t\t\t<div class=\"elementor-element elementor-element-1f5dddf elementor-hidden-mobile elementor-widget elementor-widget-spacer\" data-id=\"1f5dddf\" data-element_type=\"widget\" data-widget_type=\"spacer.default\">\n\t\t\t\t<div class=\"elementor-widget-container\">\n\t\t\t\t\t\t\t<div class=\"elementor-spacer\">\n\t\t\t<div class=\"elementor-spacer-inner\"><\/div>\n\t\t<\/div>\n\t\t\t\t\t\t<\/div>\n\t\t\t\t<\/div>\n\t\t\t\t\t<\/div>\n\t\t<\/div>\n\t\t\t\t\t<\/div>\n\t\t<\/section>\n\t\t\t\t<section class=\"elementor-section elementor-top-section elementor-element elementor-element-28a7e40 elementor-section-boxed elementor-section-height-default elementor-section-height-default\" data-id=\"28a7e40\" data-element_type=\"section\" data-settings=\"{&quot;background_background&quot;:&quot;classic&quot;}\">\n\t\t\t\t\t\t<div class=\"elementor-container elementor-column-gap-default\">\n\t\t\t\t\t<div class=\"elementor-column elementor-col-33 elementor-top-column elementor-element elementor-element-c326e32\" data-id=\"c326e32\" data-element_type=\"column\">\n\t\t\t<div class=\"elementor-widget-wrap elementor-element-populated\">\n\t\t\t\t\t\t<div class=\"elementor-element elementor-element-b4d920b elementor-hidden-mobile elementor-widget elementor-widget-spacer\" data-id=\"b4d920b\" data-element_type=\"widget\" data-widget_type=\"spacer.default\">\n\t\t\t\t<div class=\"elementor-widget-container\">\n\t\t\t\t\t\t\t<div class=\"elementor-spacer\">\n\t\t\t<div class=\"elementor-spacer-inner\"><\/div>\n\t\t<\/div>\n\t\t\t\t\t\t<\/div>\n\t\t\t\t<\/div>\n\t\t\t\t<div class=\"elementor-element elementor-element-c2d0cd6 elementor-widget elementor-widget-text-editor\" data-id=\"c2d0cd6\" data-element_type=\"widget\" data-widget_type=\"text-editor.default\">\n\t\t\t\t<div class=\"elementor-widget-container\">\n\t\t\t\t\t\t\t\t\t<p>MATCH RESULTS<\/p>\t\t\t\t\t\t\t\t<\/div>\n\t\t\t\t<\/div>\n\t\t\t\t<div class=\"elementor-element elementor-element-63c0d02 elementor-widget elementor-widget-heading\" data-id=\"63c0d02\" data-element_type=\"widget\" data-widget_type=\"heading.default\">\n\t\t\t\t<div class=\"elementor-widget-container\">\n\t\t\t\t\t<h2 class=\"elementor-heading-title elementor-size-default\">ABIERTO DEL ORIENTE 2024<\/h2>\t\t\t\t<\/div>\n\t\t\t\t<\/div>\n\t\t\t\t<div class=\"elementor-element elementor-element-b50ed49 elementor-mobile-align-center elementor-widget elementor-widget-button\" data-id=\"b50ed49\" data-element_type=\"widget\" data-widget_type=\"button.default\">\n\t\t\t\t<div class=\"elementor-widget-container\">\n\t\t\t\t\t\t\t\t\t<div class=\"elementor-button-wrapper\">\n\t\t\t\t\t<a class=\"elementor-button elementor-button-link elementor-size-sm\" href=\"https:\/\/ipscbolivia.org\/wp-content\/uploads\/2024\/03\/Resultados-Generales-Abierto-del-Oriente-2024-1.xlsx\">\n\t\t\t\t\t\t<span class=\"elementor-button-content-wrapper\">\n\t\t\t\t\t\t\t\t\t<span class=\"elementor-button-text\"> VER RESULTADOS GENERALES<\/span>\n\t\t\t\t\t<\/span>\n\t\t\t\t\t<\/a>\n\t\t\t\t<\/div>\n\t\t\t\t\t\t\t\t<\/div>\n\t\t\t\t<\/div>\n\t\t\t\t\t<\/div>\n\t\t<\/div>\n\t\t\t\t<div class=\"elementor-column elementor-col-33 elementor-top-column elementor-element elementor-element-5ca90b0\" data-id=\"5ca90b0\" data-element_type=\"column\">\n\t\t\t<div class=\"elementor-widget-wrap\">\n\t\t\t\t\t\t\t<\/div>\n\t\t<\/div>\n\t\t\t\t<div class=\"elementor-column elementor-col-33 elementor-top-column elementor-element elementor-element-cec6cff\" data-id=\"cec6cff\" data-element_type=\"column\">\n\t\t\t<div class=\"elementor-widget-wrap elementor-element-populated\">\n\t\t\t\t\t\t<div class=\"elementor-element elementor-element-9e66dac elementor-widget elementor-widget-image\" data-id=\"9e66dac\" data-element_type=\"widget\" data-widget_type=\"image.default\">\n\t\t\t\t<div class=\"elementor-widget-container\">\n\t\t\t\t\t\t\t\t\t\t\t\t\t\t\t<img fetchpriority=\"high\" decoding=\"async\" width=\"1024\" height=\"791\" src=\"https:\/\/ipscbolivia.org\/wp-content\/uploads\/2024\/03\/LOGO-1024x791.png\" class=\"attachment-large size-large wp-image-1191\" alt=\"\" srcset=\"https:\/\/ipscbolivia.org\/wp-content\/uploads\/2024\/03\/LOGO-1024x791.png 1024w, https:\/\/ipscbolivia.org\/wp-content\/uploads\/2024\/03\/LOGO-300x232.png 300w, https:\/\/ipscbolivia.org\/wp-content\/uploads\/2024\/03\/LOGO-768x593.png 768w, https:\/\/ipscbolivia.org\/wp-content\/uploads\/2024\/03\/LOGO-1536x1186.png 1536w, https:\/\/ipscbolivia.org\/wp-content\/uploads\/2024\/03\/LOGO-600x463.png 600w, https:\/\/ipscbolivia.org\/wp-content\/uploads\/2024\/03\/LOGO.png 2000w\" sizes=\"(max-width: 1024px) 100vw, 1024px\" \/>\t\t\t\t\t\t\t\t\t\t\t\t\t\t\t<\/div>\n\t\t\t\t<\/div>\n\t\t\t\t\t<\/div>\n\t\t<\/div>\n\t\t\t\t\t<\/div>\n\t\t<\/section>\n\t\t\t\t<section class=\"elementor-section elementor-top-section elementor-element elementor-element-4a6a026 elementor-section-boxed elementor-section-height-default elementor-section-height-default\" data-id=\"4a6a026\" data-element_type=\"section\" data-settings=\"{&quot;background_background&quot;:&quot;classic&quot;}\">\n\t\t\t\t\t\t<div class=\"elementor-container elementor-column-gap-default\">\n\t\t\t\t\t<div class=\"elementor-column elementor-col-33 elementor-top-column elementor-element elementor-element-8c4d5db\" data-id=\"8c4d5db\" data-element_type=\"column\">\n\t\t\t<div class=\"elementor-widget-wrap elementor-element-populated\">\n\t\t\t\t\t\t<div class=\"elementor-element elementor-element-cc0acfe elementor-hidden-mobile elementor-widget elementor-widget-spacer\" data-id=\"cc0acfe\" data-element_type=\"widget\" data-widget_type=\"spacer.default\">\n\t\t\t\t<div class=\"elementor-widget-container\">\n\t\t\t\t\t\t\t<div class=\"elementor-spacer\">\n\t\t\t<div class=\"elementor-spacer-inner\"><\/div>\n\t\t<\/div>\n\t\t\t\t\t\t<\/div>\n\t\t\t\t<\/div>\n\t\t\t\t<div class=\"elementor-element elementor-element-592c725 elementor-widget elementor-widget-text-editor\" data-id=\"592c725\" data-element_type=\"widget\" data-widget_type=\"text-editor.default\">\n\t\t\t\t<div class=\"elementor-widget-container\">\n\t\t\t\t\t\t\t\t\t<p>MATCH RESULTS<\/p>\t\t\t\t\t\t\t\t<\/div>\n\t\t\t\t<\/div>\n\t\t\t\t<div class=\"elementor-element elementor-element-b46c8f0 elementor-widget elementor-widget-heading\" data-id=\"b46c8f0\" data-element_type=\"widget\" data-widget_type=\"heading.default\">\n\t\t\t\t<div class=\"elementor-widget-container\">\n\t\t\t\t\t<h2 class=\"elementor-heading-title elementor-size-default\">6 NACIONES 2023<\/h2>\t\t\t\t<\/div>\n\t\t\t\t<\/div>\n\t\t\t\t<div class=\"elementor-element elementor-element-05d2dcb elementor-mobile-align-center elementor-widget elementor-widget-button\" data-id=\"05d2dcb\" data-element_type=\"widget\" data-widget_type=\"button.default\">\n\t\t\t\t<div class=\"elementor-widget-container\">\n\t\t\t\t\t\t\t\t\t<div class=\"elementor-button-wrapper\">\n\t\t\t\t\t<a class=\"elementor-button elementor-button-link elementor-size-sm\" href=\"https:\/\/ipscbolivia.org\/wp-content\/uploads\/2023\/05\/RESULTADOS-INTERNACIONAL-6-NACIONES-1.xlsx\">\n\t\t\t\t\t\t<span class=\"elementor-button-content-wrapper\">\n\t\t\t\t\t\t\t\t\t<span class=\"elementor-button-text\"> VER RESULTADOS INTERNACIONAL<\/span>\n\t\t\t\t\t<\/span>\n\t\t\t\t\t<\/a>\n\t\t\t\t<\/div>\n\t\t\t\t\t\t\t\t<\/div>\n\t\t\t\t<\/div>\n\t\t\t\t<div class=\"elementor-element elementor-element-c27559a elementor-mobile-align-center elementor-widget elementor-widget-button\" data-id=\"c27559a\" data-element_type=\"widget\" data-widget_type=\"button.default\">\n\t\t\t\t<div class=\"elementor-widget-container\">\n\t\t\t\t\t\t\t\t\t<div class=\"elementor-button-wrapper\">\n\t\t\t\t\t<a class=\"elementor-button elementor-button-link elementor-size-sm\" href=\"https:\/\/ipscbolivia.org\/wp-content\/uploads\/2023\/05\/RESULTADOS-NACIONAL-6-NACIONES-1.xlsx\">\n\t\t\t\t\t\t<span class=\"elementor-button-content-wrapper\">\n\t\t\t\t\t\t\t\t\t<span class=\"elementor-button-text\"> VER RESULTADOS NACIONAL<\/span>\n\t\t\t\t\t<\/span>\n\t\t\t\t\t<\/a>\n\t\t\t\t<\/div>\n\t\t\t\t\t\t\t\t<\/div>\n\t\t\t\t<\/div>\n\t\t\t\t<div class=\"elementor-element elementor-element-26e162c elementor-hidden-mobile elementor-widget elementor-widget-spacer\" data-id=\"26e162c\" data-element_type=\"widget\" data-widget_type=\"spacer.default\">\n\t\t\t\t<div class=\"elementor-widget-container\">\n\t\t\t\t\t\t\t<div class=\"elementor-spacer\">\n\t\t\t<div class=\"elementor-spacer-inner\"><\/div>\n\t\t<\/div>\n\t\t\t\t\t\t<\/div>\n\t\t\t\t<\/div>\n\t\t\t\t\t<\/div>\n\t\t<\/div>\n\t\t\t\t<div class=\"elementor-column elementor-col-33 elementor-top-column elementor-element elementor-element-3535703\" data-id=\"3535703\" data-element_type=\"column\">\n\t\t\t<div class=\"elementor-widget-wrap\">\n\t\t\t\t\t\t\t<\/div>\n\t\t<\/div>\n\t\t\t\t<div class=\"elementor-column elementor-col-33 elementor-top-column elementor-element elementor-element-6fdd603\" data-id=\"6fdd603\" data-element_type=\"column\">\n\t\t\t<div class=\"elementor-widget-wrap elementor-element-populated\">\n\t\t\t\t\t\t<div class=\"elementor-element elementor-element-76431b7 elementor-widget elementor-widget-spacer\" data-id=\"76431b7\" data-element_type=\"widget\" data-widget_type=\"spacer.default\">\n\t\t\t\t<div class=\"elementor-widget-container\">\n\t\t\t\t\t\t\t<div class=\"elementor-spacer\">\n\t\t\t<div class=\"elementor-spacer-inner\"><\/div>\n\t\t<\/div>\n\t\t\t\t\t\t<\/div>\n\t\t\t\t<\/div>\n\t\t\t\t<div class=\"elementor-element elementor-element-8787511 elementor-widget elementor-widget-image\" data-id=\"8787511\" data-element_type=\"widget\" data-widget_type=\"image.default\">\n\t\t\t\t<div class=\"elementor-widget-container\">\n\t\t\t\t\t\t\t\t\t\t\t\t\t\t\t<img decoding=\"async\" width=\"821\" height=\"417\" src=\"https:\/\/ipscbolivia.org\/wp-content\/uploads\/2023\/05\/logo-torneo6-1.png\" class=\"attachment-large size-large wp-image-1092\" alt=\"\" srcset=\"https:\/\/ipscbolivia.org\/wp-content\/uploads\/2023\/05\/logo-torneo6-1.png 821w, https:\/\/ipscbolivia.org\/wp-content\/uploads\/2023\/05\/logo-torneo6-1-300x152.png 300w, https:\/\/ipscbolivia.org\/wp-content\/uploads\/2023\/05\/logo-torneo6-1-768x390.png 768w, https:\/\/ipscbolivia.org\/wp-content\/uploads\/2023\/05\/logo-torneo6-1-600x305.png 600w\" sizes=\"(max-width: 821px) 100vw, 821px\" \/>\t\t\t\t\t\t\t\t\t\t\t\t\t\t\t<\/div>\n\t\t\t\t<\/div>\n\t\t\t\t\t<\/div>\n\t\t<\/div>\n\t\t\t\t\t<\/div>\n\t\t<\/section>\n\t\t\t\t<\/div>\n\t\t","protected":false},"excerpt":{"rendered":"<p>RESULTADO DEL CAMPEONATO Los resultados de un campeonato registrado de Nivel III (o superior) deben enviarse dentro de las dos semanas posteriores al campeonato. De lo contrario, el partido se eliminar\u00e1 autom\u00e1ticamente\u00a0del Calendario IPSC. MATCH RESULTS ABIERTO DEL ORIENTE 2024 VER RESULTADOS GENERALES MATCH RESULTS 6 NACIONES 2023 VER RESULTADOS INTERNACIONAL VER RESULTADOS NACIONAL<\/p>\n","protected":false},"author":1,"featured_media":0,"parent":93,"menu_order":0,"comment_status":"closed","ping_status":"closed","template":"","meta":{"footnotes":""},"class_list":["post-597","page","type-page","status-publish","hentry"],"yoast_head":"<!-- This site is optimized with the Yoast SEO plugin v26.4 - https:\/\/yoast.com\/wordpress\/plugins\/seo\/ -->\n<title>RESULTADOS - FEDERACI\u00d3N BOLIVIANA TIRO PR\u00c1CTICO<\/title>\n<meta name=\"robots\" content=\"index, follow, max-snippet:-1, max-image-preview:large, max-video-preview:-1\" \/>\n<link rel=\"canonical\" href=\"https:\/\/ipscbolivia.org\/index.php\/torneos\/resultados\/\" \/>\n<meta property=\"og:locale\" content=\"es_ES\" \/>\n<meta property=\"og:type\" content=\"article\" \/>\n<meta property=\"og:title\" content=\"RESULTADOS - FEDERACI\u00d3N BOLIVIANA TIRO PR\u00c1CTICO\" \/>\n<meta property=\"og:description\" content=\"RESULTADO DEL CAMPEONATO Los resultados de un campeonato registrado de Nivel III (o superior) deben enviarse dentro de las dos semanas posteriores al campeonato. De lo contrario, el partido se eliminar\u00e1 autom\u00e1ticamente\u00a0del Calendario IPSC. MATCH RESULTS ABIERTO DEL ORIENTE 2024 VER RESULTADOS GENERALES MATCH RESULTS 6 NACIONES 2023 VER RESULTADOS INTERNACIONAL VER RESULTADOS NACIONAL\" \/>\n<meta property=\"og:url\" content=\"https:\/\/ipscbolivia.org\/index.php\/torneos\/resultados\/\" \/>\n<meta property=\"og:site_name\" content=\"FEDERACI\u00d3N BOLIVIANA TIRO PR\u00c1CTICO\" \/>\n<meta property=\"article:modified_time\" content=\"2024-03-13T20:54:03+00:00\" \/>\n<meta property=\"og:image\" content=\"https:\/\/ipscbolivia.org\/wp-content\/uploads\/2024\/03\/LOGO-1024x791.png\" \/>\n<meta name=\"twitter:card\" content=\"summary_large_image\" \/>\n<meta name=\"twitter:label1\" content=\"Tiempo de lectura\" \/>\n\t<meta name=\"twitter:data1\" content=\"1 minuto\" \/>\n<script type=\"application\/ld+json\" class=\"yoast-schema-graph\">{\"@context\":\"https:\/\/schema.org\",\"@graph\":[{\"@type\":\"WebPage\",\"@id\":\"https:\/\/ipscbolivia.org\/index.php\/torneos\/resultados\/\",\"url\":\"https:\/\/ipscbolivia.org\/index.php\/torneos\/resultados\/\",\"name\":\"RESULTADOS - FEDERACI\u00d3N BOLIVIANA TIRO PR\u00c1CTICO\",\"isPartOf\":{\"@id\":\"https:\/\/ipscbolivia.org\/#website\"},\"primaryImageOfPage\":{\"@id\":\"https:\/\/ipscbolivia.org\/index.php\/torneos\/resultados\/#primaryimage\"},\"image\":{\"@id\":\"https:\/\/ipscbolivia.org\/index.php\/torneos\/resultados\/#primaryimage\"},\"thumbnailUrl\":\"https:\/\/ipscbolivia.org\/wp-content\/uploads\/2024\/03\/LOGO-1024x791.png\",\"datePublished\":\"2021-09-20T21:00:11+00:00\",\"dateModified\":\"2024-03-13T20:54:03+00:00\",\"breadcrumb\":{\"@id\":\"https:\/\/ipscbolivia.org\/index.php\/torneos\/resultados\/#breadcrumb\"},\"inLanguage\":\"es\",\"potentialAction\":[{\"@type\":\"ReadAction\",\"target\":[\"https:\/\/ipscbolivia.org\/index.php\/torneos\/resultados\/\"]}]},{\"@type\":\"ImageObject\",\"inLanguage\":\"es\",\"@id\":\"https:\/\/ipscbolivia.org\/index.php\/torneos\/resultados\/#primaryimage\",\"url\":\"https:\/\/ipscbolivia.org\/wp-content\/uploads\/2024\/03\/LOGO.png\",\"contentUrl\":\"https:\/\/ipscbolivia.org\/wp-content\/uploads\/2024\/03\/LOGO.png\",\"width\":2000,\"height\":1544},{\"@type\":\"BreadcrumbList\",\"@id\":\"https:\/\/ipscbolivia.org\/index.php\/torneos\/resultados\/#breadcrumb\",\"itemListElement\":[{\"@type\":\"ListItem\",\"position\":1,\"name\":\"Portada\",\"item\":\"https:\/\/ipscbolivia.org\/\"},{\"@type\":\"ListItem\",\"position\":2,\"name\":\"PR\u00d3XIMOS TORNEOS\",\"item\":\"https:\/\/ipscbolivia.org\/index.php\/torneos\/\"},{\"@type\":\"ListItem\",\"position\":3,\"name\":\"RESULTADOS\"}]},{\"@type\":\"WebSite\",\"@id\":\"https:\/\/ipscbolivia.org\/#website\",\"url\":\"https:\/\/ipscbolivia.org\/\",\"name\":\"FEDERACI\u00d3N BOLIVIANA TIRO PR\u00c1CTICO\",\"description\":\"Direcci\u00f3n Regional IPSC Bolivia\",\"publisher\":{\"@id\":\"https:\/\/ipscbolivia.org\/#organization\"},\"potentialAction\":[{\"@type\":\"SearchAction\",\"target\":{\"@type\":\"EntryPoint\",\"urlTemplate\":\"https:\/\/ipscbolivia.org\/?s={search_term_string}\"},\"query-input\":{\"@type\":\"PropertyValueSpecification\",\"valueRequired\":true,\"valueName\":\"search_term_string\"}}],\"inLanguage\":\"es\"},{\"@type\":\"Organization\",\"@id\":\"https:\/\/ipscbolivia.org\/#organization\",\"name\":\"FEDERACI\u00d3N BOLIVIANA TIRO PR\u00c1CTICO\",\"url\":\"https:\/\/ipscbolivia.org\/\",\"logo\":{\"@type\":\"ImageObject\",\"inLanguage\":\"es\",\"@id\":\"https:\/\/ipscbolivia.org\/#\/schema\/logo\/image\/\",\"url\":\"https:\/\/ipscbolivia.org\/wp-content\/uploads\/2022\/08\/cropped-Logo-IPSC-final-min.png\",\"contentUrl\":\"https:\/\/ipscbolivia.org\/wp-content\/uploads\/2022\/08\/cropped-Logo-IPSC-final-min.png\",\"width\":1840,\"height\":2120,\"caption\":\"FEDERACI\u00d3N BOLIVIANA TIRO PR\u00c1CTICO\"},\"image\":{\"@id\":\"https:\/\/ipscbolivia.org\/#\/schema\/logo\/image\/\"}}]}<\/script>\n<!-- \/ Yoast SEO plugin. -->","yoast_head_json":{"title":"RESULTADOS - FEDERACI\u00d3N BOLIVIANA TIRO PR\u00c1CTICO","robots":{"index":"index","follow":"follow","max-snippet":"max-snippet:-1","max-image-preview":"max-image-preview:large","max-video-preview":"max-video-preview:-1"},"canonical":"https:\/\/ipscbolivia.org\/index.php\/torneos\/resultados\/","og_locale":"es_ES","og_type":"article","og_title":"RESULTADOS - FEDERACI\u00d3N BOLIVIANA TIRO PR\u00c1CTICO","og_description":"RESULTADO DEL CAMPEONATO Los resultados de un campeonato registrado de Nivel III (o superior) deben enviarse dentro de las dos semanas posteriores al campeonato. De lo contrario, el partido se eliminar\u00e1 autom\u00e1ticamente\u00a0del Calendario IPSC. MATCH RESULTS ABIERTO DEL ORIENTE 2024 VER RESULTADOS GENERALES MATCH RESULTS 6 NACIONES 2023 VER RESULTADOS INTERNACIONAL VER RESULTADOS NACIONAL","og_url":"https:\/\/ipscbolivia.org\/index.php\/torneos\/resultados\/","og_site_name":"FEDERACI\u00d3N BOLIVIANA TIRO PR\u00c1CTICO","article_modified_time":"2024-03-13T20:54:03+00:00","og_image":[{"url":"https:\/\/ipscbolivia.org\/wp-content\/uploads\/2024\/03\/LOGO-1024x791.png","type":"","width":"","height":""}],"twitter_card":"summary_large_image","twitter_misc":{"Tiempo de lectura":"1 minuto"},"schema":{"@context":"https:\/\/schema.org","@graph":[{"@type":"WebPage","@id":"https:\/\/ipscbolivia.org\/index.php\/torneos\/resultados\/","url":"https:\/\/ipscbolivia.org\/index.php\/torneos\/resultados\/","name":"RESULTADOS - FEDERACI\u00d3N BOLIVIANA TIRO PR\u00c1CTICO","isPartOf":{"@id":"https:\/\/ipscbolivia.org\/#website"},"primaryImageOfPage":{"@id":"https:\/\/ipscbolivia.org\/index.php\/torneos\/resultados\/#primaryimage"},"image":{"@id":"https:\/\/ipscbolivia.org\/index.php\/torneos\/resultados\/#primaryimage"},"thumbnailUrl":"https:\/\/ipscbolivia.org\/wp-content\/uploads\/2024\/03\/LOGO-1024x791.png","datePublished":"2021-09-20T21:00:11+00:00","dateModified":"2024-03-13T20:54:03+00:00","breadcrumb":{"@id":"https:\/\/ipscbolivia.org\/index.php\/torneos\/resultados\/#breadcrumb"},"inLanguage":"es","potentialAction":[{"@type":"ReadAction","target":["https:\/\/ipscbolivia.org\/index.php\/torneos\/resultados\/"]}]},{"@type":"ImageObject","inLanguage":"es","@id":"https:\/\/ipscbolivia.org\/index.php\/torneos\/resultados\/#primaryimage","url":"https:\/\/ipscbolivia.org\/wp-content\/uploads\/2024\/03\/LOGO.png","contentUrl":"https:\/\/ipscbolivia.org\/wp-content\/uploads\/2024\/03\/LOGO.png","width":2000,"height":1544},{"@type":"BreadcrumbList","@id":"https:\/\/ipscbolivia.org\/index.php\/torneos\/resultados\/#breadcrumb","itemListElement":[{"@type":"ListItem","position":1,"name":"Portada","item":"https:\/\/ipscbolivia.org\/"},{"@type":"ListItem","position":2,"name":"PR\u00d3XIMOS TORNEOS","item":"https:\/\/ipscbolivia.org\/index.php\/torneos\/"},{"@type":"ListItem","position":3,"name":"RESULTADOS"}]},{"@type":"WebSite","@id":"https:\/\/ipscbolivia.org\/#website","url":"https:\/\/ipscbolivia.org\/","name":"FEDERACI\u00d3N BOLIVIANA TIRO PR\u00c1CTICO","description":"Direcci\u00f3n Regional IPSC Bolivia","publisher":{"@id":"https:\/\/ipscbolivia.org\/#organization"},"potentialAction":[{"@type":"SearchAction","target":{"@type":"EntryPoint","urlTemplate":"https:\/\/ipscbolivia.org\/?s={search_term_string}"},"query-input":{"@type":"PropertyValueSpecification","valueRequired":true,"valueName":"search_term_string"}}],"inLanguage":"es"},{"@type":"Organization","@id":"https:\/\/ipscbolivia.org\/#organization","name":"FEDERACI\u00d3N BOLIVIANA TIRO PR\u00c1CTICO","url":"https:\/\/ipscbolivia.org\/","logo":{"@type":"ImageObject","inLanguage":"es","@id":"https:\/\/ipscbolivia.org\/#\/schema\/logo\/image\/","url":"https:\/\/ipscbolivia.org\/wp-content\/uploads\/2022\/08\/cropped-Logo-IPSC-final-min.png","contentUrl":"https:\/\/ipscbolivia.org\/wp-content\/uploads\/2022\/08\/cropped-Logo-IPSC-final-min.png","width":1840,"height":2120,"caption":"FEDERACI\u00d3N BOLIVIANA TIRO PR\u00c1CTICO"},"image":{"@id":"https:\/\/ipscbolivia.org\/#\/schema\/logo\/image\/"}}]}},"_links":{"self":[{"href":"https:\/\/ipscbolivia.org\/index.php\/wp-json\/wp\/v2\/pages\/597","targetHints":{"allow":["GET"]}}],"collection":[{"href":"https:\/\/ipscbolivia.org\/index.php\/wp-json\/wp\/v2\/pages"}],"about":[{"href":"https:\/\/ipscbolivia.org\/index.php\/wp-json\/wp\/v2\/types\/page"}],"author":[{"embeddable":true,"href":"https:\/\/ipscbolivia.org\/index.php\/wp-json\/wp\/v2\/users\/1"}],"replies":[{"embeddable":true,"href":"https:\/\/ipscbolivia.org\/index.php\/wp-json\/wp\/v2\/comments?post=597"}],"version-history":[{"count":34,"href":"https:\/\/ipscbolivia.org\/index.php\/wp-json\/wp\/v2\/pages\/597\/revisions"}],"predecessor-version":[{"id":1201,"href":"https:\/\/ipscbolivia.org\/index.php\/wp-json\/wp\/v2\/pages\/597\/revisions\/1201"}],"up":[{"embeddable":true,"href":"https:\/\/ipscbolivia.org\/index.php\/wp-json\/wp\/v2\/pages\/93"}],"wp:attachment":[{"href":"https:\/\/ipscbolivia.org\/index.php\/wp-json\/wp\/v2\/media?parent=597"}],"curies":[{"name":"wp","href":"https:\/\/api.w.org\/{rel}","templated":true}]}}