{"id":291,"date":"2021-08-31T08:11:53","date_gmt":"2021-08-31T08:11:53","guid":{"rendered":"https:\/\/ipscbolivia.org\/?page_id=291"},"modified":"2023-05-06T23:06:24","modified_gmt":"2023-05-06T23:06:24","slug":"videos","status":"publish","type":"page","link":"https:\/\/ipscbolivia.org\/index.php\/videos\/","title":{"rendered":"VIDEOS"},"content":{"rendered":"\t\t<div data-elementor-type=\"wp-page\" data-elementor-id=\"291\" class=\"elementor elementor-291\">\n\t\t\t\t\t\t<section class=\"elementor-section elementor-top-section elementor-element elementor-element-d296676 elementor-section-boxed elementor-section-height-default elementor-section-height-default\" data-id=\"d296676\" data-element_type=\"section\">\n\t\t\t\t\t\t<div class=\"elementor-container elementor-column-gap-default\">\n\t\t\t\t\t<div class=\"elementor-column elementor-col-100 elementor-top-column elementor-element elementor-element-0042d00\" data-id=\"0042d00\" data-element_type=\"column\">\n\t\t\t<div class=\"elementor-widget-wrap elementor-element-populated\">\n\t\t\t\t\t\t<div class=\"elementor-element elementor-element-d6508ed elementor-widget elementor-widget-heading\" data-id=\"d6508ed\" data-element_type=\"widget\" data-widget_type=\"heading.default\">\n\t\t\t\t<div class=\"elementor-widget-container\">\n\t\t\t\t\t<h2 class=\"elementor-heading-title elementor-size-default\">VIDEO CORDOBA<\/h2>\t\t\t\t<\/div>\n\t\t\t\t<\/div>\n\t\t\t\t\t<\/div>\n\t\t<\/div>\n\t\t\t\t\t<\/div>\n\t\t<\/section>\n\t\t\t\t<section class=\"elementor-section elementor-top-section elementor-element elementor-element-100b6a7f elementor-section-height-min-height elementor-section-boxed elementor-section-height-default elementor-section-items-middle\" data-id=\"100b6a7f\" data-element_type=\"section\" data-settings=\"{&quot;background_background&quot;:&quot;classic&quot;}\">\n\t\t\t\t\t\t\t<div class=\"elementor-background-overlay\"><\/div>\n\t\t\t\t\t\t\t<div class=\"elementor-container elementor-column-gap-default\">\n\t\t\t\t\t<div class=\"elementor-column elementor-col-100 elementor-top-column elementor-element elementor-element-4e17cfa3\" data-id=\"4e17cfa3\" data-element_type=\"column\">\n\t\t\t<div class=\"elementor-widget-wrap elementor-element-populated\">\n\t\t\t\t\t\t<div class=\"elementor-element elementor-element-74ea9e6 elementor-widget elementor-widget-video\" data-id=\"74ea9e6\" data-element_type=\"widget\" data-settings=\"{&quot;youtube_url&quot;:&quot;https:\\\/\\\/youtu.be\\\/n5Rl2PTfLmY&quot;,&quot;video_type&quot;:&quot;youtube&quot;,&quot;controls&quot;:&quot;yes&quot;}\" data-widget_type=\"video.default\">\n\t\t\t\t<div class=\"elementor-widget-container\">\n\t\t\t\t\t\t\t<div class=\"elementor-wrapper elementor-open-inline\">\n\t\t\t<div class=\"elementor-video\"><\/div>\t\t<\/div>\n\t\t\t\t\t\t<\/div>\n\t\t\t\t<\/div>\n\t\t\t\t\t<\/div>\n\t\t<\/div>\n\t\t\t\t\t<\/div>\n\t\t<\/section>\n\t\t\t\t<section class=\"elementor-section elementor-top-section elementor-element elementor-element-92f9989 elementor-section-boxed elementor-section-height-default elementor-section-height-default\" data-id=\"92f9989\" data-element_type=\"section\">\n\t\t\t\t\t\t<div class=\"elementor-container elementor-column-gap-default\">\n\t\t\t\t\t<div class=\"elementor-column elementor-col-20 elementor-top-column elementor-element elementor-element-7e306d3\" data-id=\"7e306d3\" data-element_type=\"column\">\n\t\t\t<div class=\"elementor-widget-wrap elementor-element-populated\">\n\t\t\t\t\t\t<div class=\"elementor-element elementor-element-3156f70 elementor-widget elementor-widget-video\" data-id=\"3156f70\" data-element_type=\"widget\" data-settings=\"{&quot;youtube_url&quot;:&quot;https:\\\/\\\/youtu.be\\\/811XmsiyvYo&quot;,&quot;video_type&quot;:&quot;youtube&quot;,&quot;controls&quot;:&quot;yes&quot;}\" data-widget_type=\"video.default\">\n\t\t\t\t<div class=\"elementor-widget-container\">\n\t\t\t\t\t\t\t<div class=\"elementor-wrapper elementor-open-inline\">\n\t\t\t<div class=\"elementor-video\"><\/div>\t\t<\/div>\n\t\t\t\t\t\t<\/div>\n\t\t\t\t<\/div>\n\t\t\t\t\t<\/div>\n\t\t<\/div>\n\t\t\t\t<div class=\"elementor-column elementor-col-20 elementor-top-column elementor-element elementor-element-9604320\" data-id=\"9604320\" data-element_type=\"column\">\n\t\t\t<div class=\"elementor-widget-wrap elementor-element-populated\">\n\t\t\t\t\t\t<div class=\"elementor-element elementor-element-df1ff74 elementor-widget elementor-widget-video\" data-id=\"df1ff74\" data-element_type=\"widget\" data-settings=\"{&quot;youtube_url&quot;:&quot;https:\\\/\\\/youtu.be\\\/CHp_mGhqf3E&quot;,&quot;video_type&quot;:&quot;youtube&quot;,&quot;controls&quot;:&quot;yes&quot;}\" data-widget_type=\"video.default\">\n\t\t\t\t<div class=\"elementor-widget-container\">\n\t\t\t\t\t\t\t<div class=\"elementor-wrapper elementor-open-inline\">\n\t\t\t<div class=\"elementor-video\"><\/div>\t\t<\/div>\n\t\t\t\t\t\t<\/div>\n\t\t\t\t<\/div>\n\t\t\t\t\t<\/div>\n\t\t<\/div>\n\t\t\t\t<div class=\"elementor-column elementor-col-20 elementor-top-column elementor-element elementor-element-fd3afc3\" data-id=\"fd3afc3\" data-element_type=\"column\">\n\t\t\t<div class=\"elementor-widget-wrap elementor-element-populated\">\n\t\t\t\t\t\t<div class=\"elementor-element elementor-element-b7a4619 elementor-widget elementor-widget-video\" data-id=\"b7a4619\" data-element_type=\"widget\" data-settings=\"{&quot;youtube_url&quot;:&quot;https:\\\/\\\/youtu.be\\\/Yn-kdXEN8XE&quot;,&quot;video_type&quot;:&quot;youtube&quot;,&quot;controls&quot;:&quot;yes&quot;}\" data-widget_type=\"video.default\">\n\t\t\t\t<div class=\"elementor-widget-container\">\n\t\t\t\t\t\t\t<div class=\"elementor-wrapper elementor-open-inline\">\n\t\t\t<div class=\"elementor-video\"><\/div>\t\t<\/div>\n\t\t\t\t\t\t<\/div>\n\t\t\t\t<\/div>\n\t\t\t\t\t<\/div>\n\t\t<\/div>\n\t\t\t\t<div class=\"elementor-column elementor-col-20 elementor-top-column elementor-element elementor-element-1656b57\" data-id=\"1656b57\" data-element_type=\"column\">\n\t\t\t<div class=\"elementor-widget-wrap elementor-element-populated\">\n\t\t\t\t\t\t<div class=\"elementor-element elementor-element-5d7cab8 elementor-widget elementor-widget-video\" data-id=\"5d7cab8\" data-element_type=\"widget\" data-settings=\"{&quot;youtube_url&quot;:&quot;https:\\\/\\\/youtu.be\\\/lPHpocr60C8&quot;,&quot;video_type&quot;:&quot;youtube&quot;,&quot;controls&quot;:&quot;yes&quot;}\" data-widget_type=\"video.default\">\n\t\t\t\t<div class=\"elementor-widget-container\">\n\t\t\t\t\t\t\t<div class=\"elementor-wrapper elementor-open-inline\">\n\t\t\t<div class=\"elementor-video\"><\/div>\t\t<\/div>\n\t\t\t\t\t\t<\/div>\n\t\t\t\t<\/div>\n\t\t\t\t\t<\/div>\n\t\t<\/div>\n\t\t\t\t<div class=\"elementor-column elementor-col-20 elementor-top-column elementor-element elementor-element-a8b4f64\" data-id=\"a8b4f64\" data-element_type=\"column\">\n\t\t\t<div class=\"elementor-widget-wrap elementor-element-populated\">\n\t\t\t\t\t\t<div class=\"elementor-element elementor-element-d4754b9 elementor-widget elementor-widget-video\" data-id=\"d4754b9\" data-element_type=\"widget\" data-settings=\"{&quot;youtube_url&quot;:&quot;https:\\\/\\\/youtu.be\\\/uA3iY8y8DLs&quot;,&quot;video_type&quot;:&quot;youtube&quot;,&quot;controls&quot;:&quot;yes&quot;}\" data-widget_type=\"video.default\">\n\t\t\t\t<div class=\"elementor-widget-container\">\n\t\t\t\t\t\t\t<div class=\"elementor-wrapper elementor-open-inline\">\n\t\t\t<div class=\"elementor-video\"><\/div>\t\t<\/div>\n\t\t\t\t\t\t<\/div>\n\t\t\t\t<\/div>\n\t\t\t\t\t<\/div>\n\t\t<\/div>\n\t\t\t\t\t<\/div>\n\t\t<\/section>\n\t\t\t\t<section class=\"elementor-section elementor-top-section elementor-element elementor-element-3b38a51 elementor-section-boxed elementor-section-height-default elementor-section-height-default\" data-id=\"3b38a51\" data-element_type=\"section\">\n\t\t\t\t\t\t<div class=\"elementor-container elementor-column-gap-default\">\n\t\t\t\t\t<div class=\"elementor-column elementor-col-100 elementor-top-column elementor-element elementor-element-099e471\" data-id=\"099e471\" data-element_type=\"column\">\n\t\t\t<div class=\"elementor-widget-wrap elementor-element-populated\">\n\t\t\t\t\t\t<div class=\"elementor-element elementor-element-869fdf6 elementor-widget elementor-widget-heading\" data-id=\"869fdf6\" data-element_type=\"widget\" data-widget_type=\"heading.default\">\n\t\t\t\t<div class=\"elementor-widget-container\">\n\t\t\t\t\t<h2 class=\"elementor-heading-title elementor-size-default\">VIDEO TUCUMAN<\/h2>\t\t\t\t<\/div>\n\t\t\t\t<\/div>\n\t\t\t\t\t<\/div>\n\t\t<\/div>\n\t\t\t\t\t<\/div>\n\t\t<\/section>\n\t\t\t\t<section class=\"elementor-section elementor-top-section elementor-element elementor-element-772715f elementor-section-boxed elementor-section-height-default elementor-section-height-default\" data-id=\"772715f\" data-element_type=\"section\">\n\t\t\t\t\t\t<div class=\"elementor-container elementor-column-gap-default\">\n\t\t\t\t\t<div class=\"elementor-column elementor-col-50 elementor-top-column elementor-element elementor-element-bad8e89\" data-id=\"bad8e89\" data-element_type=\"column\">\n\t\t\t<div class=\"elementor-widget-wrap elementor-element-populated\">\n\t\t\t\t\t\t<div class=\"elementor-element elementor-element-1f8e188 elementor-widget elementor-widget-video\" data-id=\"1f8e188\" data-element_type=\"widget\" data-settings=\"{&quot;youtube_url&quot;:&quot;https:\\\/\\\/youtu.be\\\/scxpyV9JZSA&quot;,&quot;video_type&quot;:&quot;youtube&quot;,&quot;controls&quot;:&quot;yes&quot;}\" data-widget_type=\"video.default\">\n\t\t\t\t<div class=\"elementor-widget-container\">\n\t\t\t\t\t\t\t<div class=\"elementor-wrapper elementor-open-inline\">\n\t\t\t<div class=\"elementor-video\"><\/div>\t\t<\/div>\n\t\t\t\t\t\t<\/div>\n\t\t\t\t<\/div>\n\t\t\t\t\t<\/div>\n\t\t<\/div>\n\t\t\t\t<div class=\"elementor-column elementor-col-50 elementor-top-column elementor-element elementor-element-33ff293\" data-id=\"33ff293\" data-element_type=\"column\">\n\t\t\t<div class=\"elementor-widget-wrap elementor-element-populated\">\n\t\t\t\t\t\t<div class=\"elementor-element elementor-element-91e5dbd elementor-widget elementor-widget-video\" data-id=\"91e5dbd\" data-element_type=\"widget\" data-settings=\"{&quot;youtube_url&quot;:&quot;https:\\\/\\\/youtu.be\\\/VOoZ17oQFbI&quot;,&quot;video_type&quot;:&quot;youtube&quot;,&quot;controls&quot;:&quot;yes&quot;}\" data-widget_type=\"video.default\">\n\t\t\t\t<div class=\"elementor-widget-container\">\n\t\t\t\t\t\t\t<div class=\"elementor-wrapper elementor-open-inline\">\n\t\t\t<div class=\"elementor-video\"><\/div>\t\t<\/div>\n\t\t\t\t\t\t<\/div>\n\t\t\t\t<\/div>\n\t\t\t\t\t<\/div>\n\t\t<\/div>\n\t\t\t\t\t<\/div>\n\t\t<\/section>\n\t\t\t\t<section class=\"elementor-section elementor-top-section elementor-element elementor-element-2e7b7114 elementor-section-content-middle elementor-section-height-min-height elementor-section-boxed elementor-section-height-default elementor-section-items-middle\" data-id=\"2e7b7114\" data-element_type=\"section\" data-settings=\"{&quot;background_background&quot;:&quot;classic&quot;}\">\n\t\t\t\t\t\t\t<div class=\"elementor-background-overlay\"><\/div>\n\t\t\t\t\t\t\t<div class=\"elementor-container elementor-column-gap-no\">\n\t\t\t\t\t<div class=\"elementor-column elementor-col-33 elementor-top-column elementor-element elementor-element-5518f686\" data-id=\"5518f686\" data-element_type=\"column\">\n\t\t\t<div class=\"elementor-widget-wrap elementor-element-populated\">\n\t\t\t\t\t\t<div class=\"elementor-element elementor-element-622b93b8 elementor-widget elementor-widget-heading\" data-id=\"622b93b8\" data-element_type=\"widget\" data-widget_type=\"heading.default\">\n\t\t\t\t<div class=\"elementor-widget-container\">\n\t\t\t\t\t<h4 class=\"elementor-heading-title elementor-size-default\">Videos de ipsc<br>bolivia<\/h4>\t\t\t\t<\/div>\n\t\t\t\t<\/div>\n\t\t\t\t\t<\/div>\n\t\t<\/div>\n\t\t\t\t<div class=\"elementor-column elementor-col-33 elementor-top-column elementor-element elementor-element-346ab7ad\" data-id=\"346ab7ad\" data-element_type=\"column\">\n\t\t\t<div class=\"elementor-widget-wrap elementor-element-populated\">\n\t\t\t\t\t\t<div class=\"elementor-element elementor-element-65e897c elementor-widget elementor-widget-heading\" data-id=\"65e897c\" data-element_type=\"widget\" data-widget_type=\"heading.default\">\n\t\t\t\t<div class=\"elementor-widget-container\">\n\t\t\t\t\t<p class=\"elementor-heading-title elementor-size-default\">El Tiro Pr\u00e1ctico consiste en medir la capacidad de un deportista en disparar r\u00e1pida y precisamente un Arma de fuego\u00a0de grueso\u00a0Calibre.<\/p>\t\t\t\t<\/div>\n\t\t\t\t<\/div>\n\t\t\t\t\t<\/div>\n\t\t<\/div>\n\t\t\t\t<div class=\"elementor-column elementor-col-33 elementor-top-column elementor-element elementor-element-67f2ed96\" data-id=\"67f2ed96\" data-element_type=\"column\">\n\t\t\t<div class=\"elementor-widget-wrap elementor-element-populated\">\n\t\t\t\t\t\t<div class=\"elementor-element elementor-element-f0c20e5 elementor-align-right elementor-mobile-align-center elementor-tablet-align-center elementor-widget elementor-widget-button\" data-id=\"f0c20e5\" data-element_type=\"widget\" data-widget_type=\"button.default\">\n\t\t\t\t<div class=\"elementor-widget-container\">\n\t\t\t\t\t\t\t\t\t<div class=\"elementor-button-wrapper\">\n\t\t\t\t\t<a class=\"elementor-button elementor-button-link elementor-size-sm elementor-animation-grow\" href=\"#\">\n\t\t\t\t\t\t<span class=\"elementor-button-content-wrapper\">\n\t\t\t\t\t\t\t\t\t<span class=\"elementor-button-text\">SUSCRIBETE<\/span>\n\t\t\t\t\t<\/span>\n\t\t\t\t\t<\/a>\n\t\t\t\t<\/div>\n\t\t\t\t\t\t\t\t<\/div>\n\t\t\t\t<\/div>\n\t\t\t\t\t<\/div>\n\t\t<\/div>\n\t\t\t\t\t<\/div>\n\t\t<\/section>\n\t\t\t\t<\/div>\n\t\t","protected":false},"excerpt":{"rendered":"<p>VIDEO CORDOBA https:\/\/youtu.be\/n5Rl2PTfLmYhttps:\/\/youtu.be\/811XmsiyvYohttps:\/\/youtu.be\/CHp_mGhqf3Ehttps:\/\/youtu.be\/Yn-kdXEN8XEhttps:\/\/youtu.be\/lPHpocr60C8https:\/\/youtu.be\/uA3iY8y8DLs VIDEO TUCUMAN https:\/\/youtu.be\/scxpyV9JZSAhttps:\/\/youtu.be\/VOoZ17oQFbI Videos de ipscbolivia El Tiro Pr\u00e1ctico consiste en medir la capacidad de un deportista en disparar r\u00e1pida y precisamente un Arma de fuego\u00a0de grueso\u00a0Calibre. SUSCRIBETE<\/p>\n","protected":false},"author":1,"featured_media":0,"parent":0,"menu_order":0,"comment_status":"closed","ping_status":"closed","template":"","meta":{"footnotes":""},"class_list":["post-291","page","type-page","status-publish","hentry"],"yoast_head":"<!-- This site is optimized with the Yoast SEO plugin v26.4 - https:\/\/yoast.com\/wordpress\/plugins\/seo\/ -->\n<title>VIDEOS - FEDERACI\u00d3N BOLIVIANA TIRO PR\u00c1CTICO<\/title>\n<meta name=\"robots\" content=\"index, follow, max-snippet:-1, max-image-preview:large, max-video-preview:-1\" \/>\n<link rel=\"canonical\" href=\"https:\/\/ipscbolivia.org\/index.php\/galeria__trashed\/videos\/\" \/>\n<meta property=\"og:locale\" content=\"es_ES\" \/>\n<meta property=\"og:type\" content=\"article\" \/>\n<meta property=\"og:title\" content=\"VIDEOS - FEDERACI\u00d3N BOLIVIANA TIRO PR\u00c1CTICO\" \/>\n<meta property=\"og:description\" content=\"VIDEO CORDOBA https:\/\/youtu.be\/n5Rl2PTfLmYhttps:\/\/youtu.be\/811XmsiyvYohttps:\/\/youtu.be\/CHp_mGhqf3Ehttps:\/\/youtu.be\/Yn-kdXEN8XEhttps:\/\/youtu.be\/lPHpocr60C8https:\/\/youtu.be\/uA3iY8y8DLs VIDEO TUCUMAN https:\/\/youtu.be\/scxpyV9JZSAhttps:\/\/youtu.be\/VOoZ17oQFbI Videos de ipscbolivia El Tiro Pr\u00e1ctico consiste en medir la capacidad de un deportista en disparar r\u00e1pida y precisamente un Arma de fuego\u00a0de grueso\u00a0Calibre. SUSCRIBETE\" \/>\n<meta property=\"og:url\" content=\"https:\/\/ipscbolivia.org\/index.php\/galeria__trashed\/videos\/\" \/>\n<meta property=\"og:site_name\" content=\"FEDERACI\u00d3N BOLIVIANA TIRO PR\u00c1CTICO\" \/>\n<meta property=\"article:modified_time\" content=\"2023-05-06T23:06:24+00:00\" \/>\n<meta name=\"twitter:card\" content=\"summary_large_image\" \/>\n<meta name=\"twitter:label1\" content=\"Tiempo de lectura\" \/>\n\t<meta name=\"twitter:data1\" content=\"4 minutos\" \/>\n<script type=\"application\/ld+json\" class=\"yoast-schema-graph\">{\"@context\":\"https:\/\/schema.org\",\"@graph\":[{\"@type\":\"WebPage\",\"@id\":\"https:\/\/ipscbolivia.org\/index.php\/galeria__trashed\/videos\/\",\"url\":\"https:\/\/ipscbolivia.org\/index.php\/galeria__trashed\/videos\/\",\"name\":\"VIDEOS - FEDERACI\u00d3N BOLIVIANA TIRO PR\u00c1CTICO\",\"isPartOf\":{\"@id\":\"https:\/\/ipscbolivia.org\/#website\"},\"datePublished\":\"2021-08-31T08:11:53+00:00\",\"dateModified\":\"2023-05-06T23:06:24+00:00\",\"breadcrumb\":{\"@id\":\"https:\/\/ipscbolivia.org\/index.php\/galeria__trashed\/videos\/#breadcrumb\"},\"inLanguage\":\"es\",\"potentialAction\":[{\"@type\":\"ReadAction\",\"target\":[\"https:\/\/ipscbolivia.org\/index.php\/galeria__trashed\/videos\/\"]}]},{\"@type\":\"BreadcrumbList\",\"@id\":\"https:\/\/ipscbolivia.org\/index.php\/galeria__trashed\/videos\/#breadcrumb\",\"itemListElement\":[{\"@type\":\"ListItem\",\"position\":1,\"name\":\"Portada\",\"item\":\"https:\/\/ipscbolivia.org\/\"},{\"@type\":\"ListItem\",\"position\":2,\"name\":\"VIDEOS\"}]},{\"@type\":\"WebSite\",\"@id\":\"https:\/\/ipscbolivia.org\/#website\",\"url\":\"https:\/\/ipscbolivia.org\/\",\"name\":\"FEDERACI\u00d3N BOLIVIANA TIRO PR\u00c1CTICO\",\"description\":\"Direcci\u00f3n Regional IPSC Bolivia\",\"publisher\":{\"@id\":\"https:\/\/ipscbolivia.org\/#organization\"},\"potentialAction\":[{\"@type\":\"SearchAction\",\"target\":{\"@type\":\"EntryPoint\",\"urlTemplate\":\"https:\/\/ipscbolivia.org\/?s={search_term_string}\"},\"query-input\":{\"@type\":\"PropertyValueSpecification\",\"valueRequired\":true,\"valueName\":\"search_term_string\"}}],\"inLanguage\":\"es\"},{\"@type\":\"Organization\",\"@id\":\"https:\/\/ipscbolivia.org\/#organization\",\"name\":\"FEDERACI\u00d3N BOLIVIANA TIRO PR\u00c1CTICO\",\"url\":\"https:\/\/ipscbolivia.org\/\",\"logo\":{\"@type\":\"ImageObject\",\"inLanguage\":\"es\",\"@id\":\"https:\/\/ipscbolivia.org\/#\/schema\/logo\/image\/\",\"url\":\"https:\/\/ipscbolivia.org\/wp-content\/uploads\/2022\/08\/cropped-Logo-IPSC-final-min.png\",\"contentUrl\":\"https:\/\/ipscbolivia.org\/wp-content\/uploads\/2022\/08\/cropped-Logo-IPSC-final-min.png\",\"width\":1840,\"height\":2120,\"caption\":\"FEDERACI\u00d3N BOLIVIANA TIRO PR\u00c1CTICO\"},\"image\":{\"@id\":\"https:\/\/ipscbolivia.org\/#\/schema\/logo\/image\/\"}}]}<\/script>\n<!-- \/ Yoast SEO plugin. -->","yoast_head_json":{"title":"VIDEOS - FEDERACI\u00d3N BOLIVIANA TIRO PR\u00c1CTICO","robots":{"index":"index","follow":"follow","max-snippet":"max-snippet:-1","max-image-preview":"max-image-preview:large","max-video-preview":"max-video-preview:-1"},"canonical":"https:\/\/ipscbolivia.org\/index.php\/galeria__trashed\/videos\/","og_locale":"es_ES","og_type":"article","og_title":"VIDEOS - FEDERACI\u00d3N BOLIVIANA TIRO PR\u00c1CTICO","og_description":"VIDEO CORDOBA https:\/\/youtu.be\/n5Rl2PTfLmYhttps:\/\/youtu.be\/811XmsiyvYohttps:\/\/youtu.be\/CHp_mGhqf3Ehttps:\/\/youtu.be\/Yn-kdXEN8XEhttps:\/\/youtu.be\/lPHpocr60C8https:\/\/youtu.be\/uA3iY8y8DLs VIDEO TUCUMAN https:\/\/youtu.be\/scxpyV9JZSAhttps:\/\/youtu.be\/VOoZ17oQFbI Videos de ipscbolivia El Tiro Pr\u00e1ctico consiste en medir la capacidad de un deportista en disparar r\u00e1pida y precisamente un Arma de fuego\u00a0de grueso\u00a0Calibre. SUSCRIBETE","og_url":"https:\/\/ipscbolivia.org\/index.php\/galeria__trashed\/videos\/","og_site_name":"FEDERACI\u00d3N BOLIVIANA TIRO PR\u00c1CTICO","article_modified_time":"2023-05-06T23:06:24+00:00","twitter_card":"summary_large_image","twitter_misc":{"Tiempo de lectura":"4 minutos"},"schema":{"@context":"https:\/\/schema.org","@graph":[{"@type":"WebPage","@id":"https:\/\/ipscbolivia.org\/index.php\/galeria__trashed\/videos\/","url":"https:\/\/ipscbolivia.org\/index.php\/galeria__trashed\/videos\/","name":"VIDEOS - FEDERACI\u00d3N BOLIVIANA TIRO PR\u00c1CTICO","isPartOf":{"@id":"https:\/\/ipscbolivia.org\/#website"},"datePublished":"2021-08-31T08:11:53+00:00","dateModified":"2023-05-06T23:06:24+00:00","breadcrumb":{"@id":"https:\/\/ipscbolivia.org\/index.php\/galeria__trashed\/videos\/#breadcrumb"},"inLanguage":"es","potentialAction":[{"@type":"ReadAction","target":["https:\/\/ipscbolivia.org\/index.php\/galeria__trashed\/videos\/"]}]},{"@type":"BreadcrumbList","@id":"https:\/\/ipscbolivia.org\/index.php\/galeria__trashed\/videos\/#breadcrumb","itemListElement":[{"@type":"ListItem","position":1,"name":"Portada","item":"https:\/\/ipscbolivia.org\/"},{"@type":"ListItem","position":2,"name":"VIDEOS"}]},{"@type":"WebSite","@id":"https:\/\/ipscbolivia.org\/#website","url":"https:\/\/ipscbolivia.org\/","name":"FEDERACI\u00d3N BOLIVIANA TIRO PR\u00c1CTICO","description":"Direcci\u00f3n Regional IPSC Bolivia","publisher":{"@id":"https:\/\/ipscbolivia.org\/#organization"},"potentialAction":[{"@type":"SearchAction","target":{"@type":"EntryPoint","urlTemplate":"https:\/\/ipscbolivia.org\/?s={search_term_string}"},"query-input":{"@type":"PropertyValueSpecification","valueRequired":true,"valueName":"search_term_string"}}],"inLanguage":"es"},{"@type":"Organization","@id":"https:\/\/ipscbolivia.org\/#organization","name":"FEDERACI\u00d3N BOLIVIANA TIRO PR\u00c1CTICO","url":"https:\/\/ipscbolivia.org\/","logo":{"@type":"ImageObject","inLanguage":"es","@id":"https:\/\/ipscbolivia.org\/#\/schema\/logo\/image\/","url":"https:\/\/ipscbolivia.org\/wp-content\/uploads\/2022\/08\/cropped-Logo-IPSC-final-min.png","contentUrl":"https:\/\/ipscbolivia.org\/wp-content\/uploads\/2022\/08\/cropped-Logo-IPSC-final-min.png","width":1840,"height":2120,"caption":"FEDERACI\u00d3N BOLIVIANA TIRO PR\u00c1CTICO"},"image":{"@id":"https:\/\/ipscbolivia.org\/#\/schema\/logo\/image\/"}}]}},"_links":{"self":[{"href":"https:\/\/ipscbolivia.org\/index.php\/wp-json\/wp\/v2\/pages\/291","targetHints":{"allow":["GET"]}}],"collection":[{"href":"https:\/\/ipscbolivia.org\/index.php\/wp-json\/wp\/v2\/pages"}],"about":[{"href":"https:\/\/ipscbolivia.org\/index.php\/wp-json\/wp\/v2\/types\/page"}],"author":[{"embeddable":true,"href":"https:\/\/ipscbolivia.org\/index.php\/wp-json\/wp\/v2\/users\/1"}],"replies":[{"embeddable":true,"href":"https:\/\/ipscbolivia.org\/index.php\/wp-json\/wp\/v2\/comments?post=291"}],"version-history":[{"count":28,"href":"https:\/\/ipscbolivia.org\/index.php\/wp-json\/wp\/v2\/pages\/291\/revisions"}],"predecessor-version":[{"id":1116,"href":"https:\/\/ipscbolivia.org\/index.php\/wp-json\/wp\/v2\/pages\/291\/revisions\/1116"}],"wp:attachment":[{"href":"https:\/\/ipscbolivia.org\/index.php\/wp-json\/wp\/v2\/media?parent=291"}],"curies":[{"name":"wp","href":"https:\/\/api.w.org\/{rel}","templated":true}]}}