{"id":21,"date":"2021-08-27T05:54:06","date_gmt":"2021-08-27T05:54:06","guid":{"rendered":"https:\/\/ipscbolivia.org\/?page_id=21"},"modified":"2023-05-06T20:52:49","modified_gmt":"2023-05-06T20:52:49","slug":"reglamento","status":"publish","type":"page","link":"https:\/\/ipscbolivia.org\/index.php\/reglamento\/","title":{"rendered":"LEYES"},"content":{"rendered":"\t\t<div data-elementor-type=\"wp-page\" data-elementor-id=\"21\" class=\"elementor elementor-21\">\n\t\t\t\t\t\t<section class=\"elementor-section elementor-top-section elementor-element elementor-element-15cc25a elementor-section-boxed elementor-section-height-default elementor-section-height-default\" data-id=\"15cc25a\" data-element_type=\"section\" data-settings=\"{&quot;background_background&quot;:&quot;classic&quot;}\">\n\t\t\t\t\t\t<div class=\"elementor-container elementor-column-gap-default\">\n\t\t\t\t\t<div class=\"elementor-column elementor-col-33 elementor-top-column elementor-element elementor-element-d948d50\" data-id=\"d948d50\" data-element_type=\"column\">\n\t\t\t<div class=\"elementor-widget-wrap elementor-element-populated\">\n\t\t\t\t\t\t<div class=\"elementor-element elementor-element-b32a60f elementor-widget elementor-widget-spacer\" data-id=\"b32a60f\" data-element_type=\"widget\" data-widget_type=\"spacer.default\">\n\t\t\t\t<div class=\"elementor-widget-container\">\n\t\t\t\t\t\t\t<div class=\"elementor-spacer\">\n\t\t\t<div class=\"elementor-spacer-inner\"><\/div>\n\t\t<\/div>\n\t\t\t\t\t\t<\/div>\n\t\t\t\t<\/div>\n\t\t\t\t<div class=\"elementor-element elementor-element-144cdc6a elementor-widget elementor-widget-heading\" data-id=\"144cdc6a\" data-element_type=\"widget\" data-widget_type=\"heading.default\">\n\t\t\t\t<div class=\"elementor-widget-container\">\n\t\t\t\t\t<h2 class=\"elementor-heading-title elementor-size-default\">FEDERACI\u00d3N BOLIVIANA DE TIRO PR\u00c1CTICO<\/h2>\t\t\t\t<\/div>\n\t\t\t\t<\/div>\n\t\t\t\t<div class=\"elementor-element elementor-element-54038062 elementor-widget elementor-widget-text-editor\" data-id=\"54038062\" data-element_type=\"widget\" data-widget_type=\"text-editor.default\">\n\t\t\t\t<div class=\"elementor-widget-container\">\n\t\t\t\t\t\t\t\t\t<p>Las Reglas IPSC forman la base de nuestro deporte, al igual que las reglas para cualquier deporte. Las Reglas establecen est\u00e1ndares para la competencia en todo el mundo y garantizan la seguridad y el buen orden en nuestro deporte. Los oficiales organizan y dirigen competiciones para que los competidores puedan disparar una fecha IPSC en cualquier parte del mundo de manera segura y organizada. Los siguientes principios generales de dise\u00f1o de etapas enumeran los criterios, responsabilidades y restricciones que rigen a los dise\u00f1adores de etapas como los arquitectos del deporte de tiro IPSC.<\/p>\t\t\t\t\t\t\t\t<\/div>\n\t\t\t\t<\/div>\n\t\t\t\t\t<\/div>\n\t\t<\/div>\n\t\t\t\t<div class=\"elementor-column elementor-col-66 elementor-top-column elementor-element elementor-element-64a0518\" data-id=\"64a0518\" data-element_type=\"column\">\n\t\t\t<div class=\"elementor-widget-wrap\">\n\t\t\t\t\t\t\t<\/div>\n\t\t<\/div>\n\t\t\t\t\t<\/div>\n\t\t<\/section>\n\t\t\t\t<section class=\"elementor-section elementor-top-section elementor-element elementor-element-df8c3bb elementor-hidden-tablet elementor-section-boxed elementor-section-height-default elementor-section-height-default\" data-id=\"df8c3bb\" data-element_type=\"section\" data-settings=\"{&quot;background_background&quot;:&quot;classic&quot;}\">\n\t\t\t\t\t\t<div class=\"elementor-container elementor-column-gap-default\">\n\t\t\t\t\t<div class=\"elementor-column elementor-col-100 elementor-top-column elementor-element elementor-element-8d05085\" data-id=\"8d05085\" data-element_type=\"column\">\n\t\t\t<div class=\"elementor-widget-wrap elementor-element-populated\">\n\t\t\t\t\t\t<div class=\"elementor-element elementor-element-648bb6e elementor-widget elementor-widget-spacer\" data-id=\"648bb6e\" data-element_type=\"widget\" data-widget_type=\"spacer.default\">\n\t\t\t\t<div class=\"elementor-widget-container\">\n\t\t\t\t\t\t\t<div class=\"elementor-spacer\">\n\t\t\t<div class=\"elementor-spacer-inner\"><\/div>\n\t\t<\/div>\n\t\t\t\t\t\t<\/div>\n\t\t\t\t<\/div>\n\t\t\t\t\t<\/div>\n\t\t<\/div>\n\t\t\t\t\t<\/div>\n\t\t<\/section>\n\t\t\t\t<section class=\"elementor-section elementor-top-section elementor-element elementor-element-628a181 elementor-section-boxed elementor-section-height-default elementor-section-height-default\" data-id=\"628a181\" data-element_type=\"section\" data-settings=\"{&quot;background_background&quot;:&quot;classic&quot;,&quot;animation&quot;:&quot;none&quot;}\">\n\t\t\t\t\t\t<div class=\"elementor-container elementor-column-gap-default\">\n\t\t\t\t\t<div class=\"elementor-column elementor-col-25 elementor-top-column elementor-element elementor-element-e76e95b\" data-id=\"e76e95b\" data-element_type=\"column\">\n\t\t\t<div class=\"elementor-widget-wrap elementor-element-populated\">\n\t\t\t\t\t\t<div class=\"elementor-element elementor-element-892c036 elementor-widget elementor-widget-image\" data-id=\"892c036\" data-element_type=\"widget\" data-widget_type=\"image.default\">\n\t\t\t\t<div class=\"elementor-widget-container\">\n\t\t\t\t\t\t\t\t\t\t\t\t\t\t\t\t<a href=\"https:\/\/ipscbolivia.org\/wp-content\/uploads\/2023\/05\/450-ley-nacional-del-deporte.pdf\">\n\t\t\t\t\t\t\t<img fetchpriority=\"high\" decoding=\"async\" width=\"1024\" height=\"1024\" src=\"https:\/\/ipscbolivia.org\/wp-content\/uploads\/2023\/05\/1-1-1024x1024.png\" class=\"elementor-animation-pulse attachment-large size-large wp-image-1069\" alt=\"\" srcset=\"https:\/\/ipscbolivia.org\/wp-content\/uploads\/2023\/05\/1-1-1024x1024.png 1024w, https:\/\/ipscbolivia.org\/wp-content\/uploads\/2023\/05\/1-1-300x300.png 300w, https:\/\/ipscbolivia.org\/wp-content\/uploads\/2023\/05\/1-1-150x150.png 150w, https:\/\/ipscbolivia.org\/wp-content\/uploads\/2023\/05\/1-1-768x768.png 768w, https:\/\/ipscbolivia.org\/wp-content\/uploads\/2023\/05\/1-1-1536x1536.png 1536w, https:\/\/ipscbolivia.org\/wp-content\/uploads\/2023\/05\/1-1-600x600.png 600w, https:\/\/ipscbolivia.org\/wp-content\/uploads\/2023\/05\/1-1-100x100.png 100w, https:\/\/ipscbolivia.org\/wp-content\/uploads\/2023\/05\/1-1.png 1920w\" sizes=\"(max-width: 1024px) 100vw, 1024px\" \/>\t\t\t\t\t\t\t\t<\/a>\n\t\t\t\t\t\t\t\t\t\t\t\t\t\t\t<\/div>\n\t\t\t\t<\/div>\n\t\t\t\t<div class=\"elementor-element elementor-element-5b9a198 elementor-widget elementor-widget-heading\" data-id=\"5b9a198\" data-element_type=\"widget\" data-widget_type=\"heading.default\">\n\t\t\t\t<div class=\"elementor-widget-container\">\n\t\t\t\t\t<h2 class=\"elementor-heading-title elementor-size-default\">Ley nacional del deporte<\/h2>\t\t\t\t<\/div>\n\t\t\t\t<\/div>\n\t\t\t\t\t<\/div>\n\t\t<\/div>\n\t\t\t\t<div class=\"elementor-column elementor-col-25 elementor-top-column elementor-element elementor-element-f32a237\" data-id=\"f32a237\" data-element_type=\"column\">\n\t\t\t<div class=\"elementor-widget-wrap elementor-element-populated\">\n\t\t\t\t\t\t<div class=\"elementor-element elementor-element-a930962 elementor-widget elementor-widget-image\" data-id=\"a930962\" data-element_type=\"widget\" data-widget_type=\"image.default\">\n\t\t\t\t<div class=\"elementor-widget-container\">\n\t\t\t\t\t\t\t\t\t\t\t\t\t\t\t\t<a href=\"https:\/\/ipscbolivia.org\/wp-content\/uploads\/2023\/05\/Estatutos-FEBOTIP.docx\">\n\t\t\t\t\t\t\t<img decoding=\"async\" width=\"1024\" height=\"1024\" src=\"https:\/\/ipscbolivia.org\/wp-content\/uploads\/2023\/05\/2-1-1024x1024.png\" class=\"elementor-animation-pulse attachment-large size-large wp-image-1074\" alt=\"\" srcset=\"https:\/\/ipscbolivia.org\/wp-content\/uploads\/2023\/05\/2-1-1024x1024.png 1024w, https:\/\/ipscbolivia.org\/wp-content\/uploads\/2023\/05\/2-1-300x300.png 300w, https:\/\/ipscbolivia.org\/wp-content\/uploads\/2023\/05\/2-1-150x150.png 150w, https:\/\/ipscbolivia.org\/wp-content\/uploads\/2023\/05\/2-1-768x768.png 768w, https:\/\/ipscbolivia.org\/wp-content\/uploads\/2023\/05\/2-1-1536x1536.png 1536w, https:\/\/ipscbolivia.org\/wp-content\/uploads\/2023\/05\/2-1-600x600.png 600w, https:\/\/ipscbolivia.org\/wp-content\/uploads\/2023\/05\/2-1-100x100.png 100w, https:\/\/ipscbolivia.org\/wp-content\/uploads\/2023\/05\/2-1.png 1920w\" sizes=\"(max-width: 1024px) 100vw, 1024px\" \/>\t\t\t\t\t\t\t\t<\/a>\n\t\t\t\t\t\t\t\t\t\t\t\t\t\t\t<\/div>\n\t\t\t\t<\/div>\n\t\t\t\t<div class=\"elementor-element elementor-element-f575cc1 elementor-widget elementor-widget-heading\" data-id=\"f575cc1\" data-element_type=\"widget\" data-widget_type=\"heading.default\">\n\t\t\t\t<div class=\"elementor-widget-container\">\n\t\t\t\t\t<h2 class=\"elementor-heading-title elementor-size-default\">Estatutos FEBOTIP<\/h2>\t\t\t\t<\/div>\n\t\t\t\t<\/div>\n\t\t\t\t\t<\/div>\n\t\t<\/div>\n\t\t\t\t<div class=\"elementor-column elementor-col-25 elementor-top-column elementor-element elementor-element-8b66b84\" data-id=\"8b66b84\" data-element_type=\"column\">\n\t\t\t<div class=\"elementor-widget-wrap elementor-element-populated\">\n\t\t\t\t\t\t<div class=\"elementor-element elementor-element-a752bf9 elementor-widget elementor-widget-image\" data-id=\"a752bf9\" data-element_type=\"widget\" data-settings=\"{&quot;_animation&quot;:&quot;none&quot;}\" data-widget_type=\"image.default\">\n\t\t\t\t<div class=\"elementor-widget-container\">\n\t\t\t\t\t\t\t\t\t\t\t\t\t\t\t\t<a href=\"https:\/\/ipscbolivia.org\/wp-content\/uploads\/2023\/05\/IPSC-Constitution-January-2020-Edition.pdf\">\n\t\t\t\t\t\t\t<img decoding=\"async\" width=\"1024\" height=\"1024\" src=\"https:\/\/ipscbolivia.org\/wp-content\/uploads\/2023\/05\/3-1-1024x1024.png\" class=\"elementor-animation-pulse attachment-large size-large wp-image-1077\" alt=\"\" srcset=\"https:\/\/ipscbolivia.org\/wp-content\/uploads\/2023\/05\/3-1-1024x1024.png 1024w, https:\/\/ipscbolivia.org\/wp-content\/uploads\/2023\/05\/3-1-300x300.png 300w, https:\/\/ipscbolivia.org\/wp-content\/uploads\/2023\/05\/3-1-150x150.png 150w, https:\/\/ipscbolivia.org\/wp-content\/uploads\/2023\/05\/3-1-768x768.png 768w, https:\/\/ipscbolivia.org\/wp-content\/uploads\/2023\/05\/3-1-1536x1536.png 1536w, https:\/\/ipscbolivia.org\/wp-content\/uploads\/2023\/05\/3-1-600x600.png 600w, https:\/\/ipscbolivia.org\/wp-content\/uploads\/2023\/05\/3-1-100x100.png 100w, https:\/\/ipscbolivia.org\/wp-content\/uploads\/2023\/05\/3-1.png 1920w\" sizes=\"(max-width: 1024px) 100vw, 1024px\" \/>\t\t\t\t\t\t\t\t<\/a>\n\t\t\t\t\t\t\t\t\t\t\t\t\t\t\t<\/div>\n\t\t\t\t<\/div>\n\t\t\t\t<div class=\"elementor-element elementor-element-bb42a56 elementor-widget elementor-widget-heading\" data-id=\"bb42a56\" data-element_type=\"widget\" data-widget_type=\"heading.default\">\n\t\t\t\t<div class=\"elementor-widget-container\">\n\t\t\t\t\t<h2 class=\"elementor-heading-title elementor-size-default\">IPSC Constitution January 2020<\/h2>\t\t\t\t<\/div>\n\t\t\t\t<\/div>\n\t\t\t\t\t<\/div>\n\t\t<\/div>\n\t\t\t\t<div class=\"elementor-column elementor-col-25 elementor-top-column elementor-element elementor-element-97ff817\" data-id=\"97ff817\" data-element_type=\"column\">\n\t\t\t<div class=\"elementor-widget-wrap elementor-element-populated\">\n\t\t\t\t\t\t<div class=\"elementor-element elementor-element-afa67d9 elementor-widget elementor-widget-image\" data-id=\"afa67d9\" data-element_type=\"widget\" data-settings=\"{&quot;_animation&quot;:&quot;none&quot;}\" data-widget_type=\"image.default\">\n\t\t\t\t<div class=\"elementor-widget-container\">\n\t\t\t\t\t\t\t\t\t\t\t\t\t\t\t\t<a href=\"https:\/\/ipscbolivia.org\/wp-content\/uploads\/2023\/05\/RulesHandgunESP-2019.pdf\">\n\t\t\t\t\t\t\t<img loading=\"lazy\" decoding=\"async\" width=\"1024\" height=\"1024\" src=\"https:\/\/ipscbolivia.org\/wp-content\/uploads\/2023\/05\/4-1-1024x1024.png\" class=\"elementor-animation-pulse attachment-large size-large wp-image-1079\" alt=\"\" srcset=\"https:\/\/ipscbolivia.org\/wp-content\/uploads\/2023\/05\/4-1-1024x1024.png 1024w, https:\/\/ipscbolivia.org\/wp-content\/uploads\/2023\/05\/4-1-300x300.png 300w, https:\/\/ipscbolivia.org\/wp-content\/uploads\/2023\/05\/4-1-150x150.png 150w, https:\/\/ipscbolivia.org\/wp-content\/uploads\/2023\/05\/4-1-768x768.png 768w, https:\/\/ipscbolivia.org\/wp-content\/uploads\/2023\/05\/4-1-1536x1536.png 1536w, https:\/\/ipscbolivia.org\/wp-content\/uploads\/2023\/05\/4-1-600x600.png 600w, https:\/\/ipscbolivia.org\/wp-content\/uploads\/2023\/05\/4-1-100x100.png 100w, https:\/\/ipscbolivia.org\/wp-content\/uploads\/2023\/05\/4-1.png 1920w\" sizes=\"(max-width: 1024px) 100vw, 1024px\" \/>\t\t\t\t\t\t\t\t<\/a>\n\t\t\t\t\t\t\t\t\t\t\t\t\t\t\t<\/div>\n\t\t\t\t<\/div>\n\t\t\t\t<div class=\"elementor-element elementor-element-f290f44 elementor-widget elementor-widget-heading\" data-id=\"f290f44\" data-element_type=\"widget\" data-widget_type=\"heading.default\">\n\t\t\t\t<div class=\"elementor-widget-container\">\n\t\t\t\t\t<h2 class=\"elementor-heading-title elementor-size-default\">RulesHandgun ESP 2019<\/h2>\t\t\t\t<\/div>\n\t\t\t\t<\/div>\n\t\t\t\t\t<\/div>\n\t\t<\/div>\n\t\t\t\t\t<\/div>\n\t\t<\/section>\n\t\t\t\t<section class=\"elementor-section elementor-top-section elementor-element elementor-element-1f64a2f elementor-hidden-tablet elementor-hidden-mobile elementor-section-boxed elementor-section-height-default elementor-section-height-default\" data-id=\"1f64a2f\" data-element_type=\"section\" data-settings=\"{&quot;background_background&quot;:&quot;classic&quot;}\">\n\t\t\t\t\t\t<div class=\"elementor-container elementor-column-gap-default\">\n\t\t\t\t\t<div class=\"elementor-column elementor-col-100 elementor-top-column elementor-element elementor-element-3a22df5\" data-id=\"3a22df5\" data-element_type=\"column\">\n\t\t\t<div class=\"elementor-widget-wrap elementor-element-populated\">\n\t\t\t\t\t\t<div class=\"elementor-element elementor-element-b51f6f2 elementor-widget elementor-widget-spacer\" data-id=\"b51f6f2\" data-element_type=\"widget\" data-widget_type=\"spacer.default\">\n\t\t\t\t<div class=\"elementor-widget-container\">\n\t\t\t\t\t\t\t<div class=\"elementor-spacer\">\n\t\t\t<div class=\"elementor-spacer-inner\"><\/div>\n\t\t<\/div>\n\t\t\t\t\t\t<\/div>\n\t\t\t\t<\/div>\n\t\t\t\t\t<\/div>\n\t\t<\/div>\n\t\t\t\t\t<\/div>\n\t\t<\/section>\n\t\t\t\t<\/div>\n\t\t","protected":false},"excerpt":{"rendered":"<p>FEDERACI\u00d3N BOLIVIANA DE TIRO PR\u00c1CTICO Las Reglas IPSC forman la base de nuestro deporte, al igual que las reglas para cualquier deporte. Las Reglas establecen est\u00e1ndares para la competencia en todo el mundo y garantizan la seguridad y el buen orden en nuestro deporte. Los oficiales organizan y dirigen competiciones para que los competidores puedan &hellip;<\/p>\n<p class=\"read-more\"> <a class=\"\" href=\"https:\/\/ipscbolivia.org\/index.php\/reglamento\/\"> <span class=\"screen-reader-text\">LEYES<\/span> Leer m\u00e1s &raquo;<\/a><\/p>\n","protected":false},"author":1,"featured_media":0,"parent":0,"menu_order":4,"comment_status":"closed","ping_status":"closed","template":"","meta":{"footnotes":""},"class_list":["post-21","page","type-page","status-publish","hentry"],"yoast_head":"<!-- This site is optimized with the Yoast SEO plugin v26.4 - https:\/\/yoast.com\/wordpress\/plugins\/seo\/ -->\n<title>LEYES - FEDERACI\u00d3N BOLIVIANA TIRO PR\u00c1CTICO<\/title>\n<meta name=\"robots\" content=\"index, follow, max-snippet:-1, max-image-preview:large, max-video-preview:-1\" \/>\n<link rel=\"canonical\" href=\"https:\/\/ipscbolivia.org\/index.php\/reglamento\/\" \/>\n<meta property=\"og:locale\" content=\"es_ES\" \/>\n<meta property=\"og:type\" content=\"article\" \/>\n<meta property=\"og:title\" content=\"LEYES - FEDERACI\u00d3N BOLIVIANA TIRO PR\u00c1CTICO\" \/>\n<meta property=\"og:description\" content=\"FEDERACI\u00d3N BOLIVIANA DE TIRO PR\u00c1CTICO Las Reglas IPSC forman la base de nuestro deporte, al igual que las reglas para cualquier deporte. Las Reglas establecen est\u00e1ndares para la competencia en todo el mundo y garantizan la seguridad y el buen orden en nuestro deporte. Los oficiales organizan y dirigen competiciones para que los competidores puedan &hellip; LEYES Leer m\u00e1s &raquo;\" \/>\n<meta property=\"og:url\" content=\"https:\/\/ipscbolivia.org\/index.php\/reglamento\/\" \/>\n<meta property=\"og:site_name\" content=\"FEDERACI\u00d3N BOLIVIANA TIRO PR\u00c1CTICO\" \/>\n<meta property=\"article:modified_time\" content=\"2023-05-06T20:52:49+00:00\" \/>\n<meta property=\"og:image\" content=\"https:\/\/ipscbolivia.org\/wp-content\/uploads\/2023\/05\/1-1-1024x1024.png\" \/>\n<meta name=\"twitter:card\" content=\"summary_large_image\" \/>\n<meta name=\"twitter:label1\" content=\"Tiempo de lectura\" \/>\n\t<meta name=\"twitter:data1\" content=\"1 minuto\" \/>\n<script type=\"application\/ld+json\" class=\"yoast-schema-graph\">{\"@context\":\"https:\/\/schema.org\",\"@graph\":[{\"@type\":\"WebPage\",\"@id\":\"https:\/\/ipscbolivia.org\/index.php\/reglamento\/\",\"url\":\"https:\/\/ipscbolivia.org\/index.php\/reglamento\/\",\"name\":\"LEYES - FEDERACI\u00d3N BOLIVIANA TIRO PR\u00c1CTICO\",\"isPartOf\":{\"@id\":\"https:\/\/ipscbolivia.org\/#website\"},\"primaryImageOfPage\":{\"@id\":\"https:\/\/ipscbolivia.org\/index.php\/reglamento\/#primaryimage\"},\"image\":{\"@id\":\"https:\/\/ipscbolivia.org\/index.php\/reglamento\/#primaryimage\"},\"thumbnailUrl\":\"https:\/\/ipscbolivia.org\/wp-content\/uploads\/2023\/05\/1-1-1024x1024.png\",\"datePublished\":\"2021-08-27T05:54:06+00:00\",\"dateModified\":\"2023-05-06T20:52:49+00:00\",\"breadcrumb\":{\"@id\":\"https:\/\/ipscbolivia.org\/index.php\/reglamento\/#breadcrumb\"},\"inLanguage\":\"es\",\"potentialAction\":[{\"@type\":\"ReadAction\",\"target\":[\"https:\/\/ipscbolivia.org\/index.php\/reglamento\/\"]}]},{\"@type\":\"ImageObject\",\"inLanguage\":\"es\",\"@id\":\"https:\/\/ipscbolivia.org\/index.php\/reglamento\/#primaryimage\",\"url\":\"https:\/\/ipscbolivia.org\/wp-content\/uploads\/2023\/05\/1-1.png\",\"contentUrl\":\"https:\/\/ipscbolivia.org\/wp-content\/uploads\/2023\/05\/1-1.png\",\"width\":1920,\"height\":1920},{\"@type\":\"BreadcrumbList\",\"@id\":\"https:\/\/ipscbolivia.org\/index.php\/reglamento\/#breadcrumb\",\"itemListElement\":[{\"@type\":\"ListItem\",\"position\":1,\"name\":\"Portada\",\"item\":\"https:\/\/ipscbolivia.org\/\"},{\"@type\":\"ListItem\",\"position\":2,\"name\":\"LEYES\"}]},{\"@type\":\"WebSite\",\"@id\":\"https:\/\/ipscbolivia.org\/#website\",\"url\":\"https:\/\/ipscbolivia.org\/\",\"name\":\"FEDERACI\u00d3N BOLIVIANA TIRO PR\u00c1CTICO\",\"description\":\"Direcci\u00f3n Regional IPSC Bolivia\",\"publisher\":{\"@id\":\"https:\/\/ipscbolivia.org\/#organization\"},\"potentialAction\":[{\"@type\":\"SearchAction\",\"target\":{\"@type\":\"EntryPoint\",\"urlTemplate\":\"https:\/\/ipscbolivia.org\/?s={search_term_string}\"},\"query-input\":{\"@type\":\"PropertyValueSpecification\",\"valueRequired\":true,\"valueName\":\"search_term_string\"}}],\"inLanguage\":\"es\"},{\"@type\":\"Organization\",\"@id\":\"https:\/\/ipscbolivia.org\/#organization\",\"name\":\"FEDERACI\u00d3N BOLIVIANA TIRO PR\u00c1CTICO\",\"url\":\"https:\/\/ipscbolivia.org\/\",\"logo\":{\"@type\":\"ImageObject\",\"inLanguage\":\"es\",\"@id\":\"https:\/\/ipscbolivia.org\/#\/schema\/logo\/image\/\",\"url\":\"https:\/\/ipscbolivia.org\/wp-content\/uploads\/2022\/08\/cropped-Logo-IPSC-final-min.png\",\"contentUrl\":\"https:\/\/ipscbolivia.org\/wp-content\/uploads\/2022\/08\/cropped-Logo-IPSC-final-min.png\",\"width\":1840,\"height\":2120,\"caption\":\"FEDERACI\u00d3N BOLIVIANA TIRO PR\u00c1CTICO\"},\"image\":{\"@id\":\"https:\/\/ipscbolivia.org\/#\/schema\/logo\/image\/\"}}]}<\/script>\n<!-- \/ Yoast SEO plugin. -->","yoast_head_json":{"title":"LEYES - FEDERACI\u00d3N BOLIVIANA TIRO PR\u00c1CTICO","robots":{"index":"index","follow":"follow","max-snippet":"max-snippet:-1","max-image-preview":"max-image-preview:large","max-video-preview":"max-video-preview:-1"},"canonical":"https:\/\/ipscbolivia.org\/index.php\/reglamento\/","og_locale":"es_ES","og_type":"article","og_title":"LEYES - FEDERACI\u00d3N BOLIVIANA TIRO PR\u00c1CTICO","og_description":"FEDERACI\u00d3N BOLIVIANA DE TIRO PR\u00c1CTICO Las Reglas IPSC forman la base de nuestro deporte, al igual que las reglas para cualquier deporte. Las Reglas establecen est\u00e1ndares para la competencia en todo el mundo y garantizan la seguridad y el buen orden en nuestro deporte. Los oficiales organizan y dirigen competiciones para que los competidores puedan &hellip; LEYES Leer m\u00e1s &raquo;","og_url":"https:\/\/ipscbolivia.org\/index.php\/reglamento\/","og_site_name":"FEDERACI\u00d3N BOLIVIANA TIRO PR\u00c1CTICO","article_modified_time":"2023-05-06T20:52:49+00:00","og_image":[{"url":"https:\/\/ipscbolivia.org\/wp-content\/uploads\/2023\/05\/1-1-1024x1024.png","type":"","width":"","height":""}],"twitter_card":"summary_large_image","twitter_misc":{"Tiempo de lectura":"1 minuto"},"schema":{"@context":"https:\/\/schema.org","@graph":[{"@type":"WebPage","@id":"https:\/\/ipscbolivia.org\/index.php\/reglamento\/","url":"https:\/\/ipscbolivia.org\/index.php\/reglamento\/","name":"LEYES - FEDERACI\u00d3N BOLIVIANA TIRO PR\u00c1CTICO","isPartOf":{"@id":"https:\/\/ipscbolivia.org\/#website"},"primaryImageOfPage":{"@id":"https:\/\/ipscbolivia.org\/index.php\/reglamento\/#primaryimage"},"image":{"@id":"https:\/\/ipscbolivia.org\/index.php\/reglamento\/#primaryimage"},"thumbnailUrl":"https:\/\/ipscbolivia.org\/wp-content\/uploads\/2023\/05\/1-1-1024x1024.png","datePublished":"2021-08-27T05:54:06+00:00","dateModified":"2023-05-06T20:52:49+00:00","breadcrumb":{"@id":"https:\/\/ipscbolivia.org\/index.php\/reglamento\/#breadcrumb"},"inLanguage":"es","potentialAction":[{"@type":"ReadAction","target":["https:\/\/ipscbolivia.org\/index.php\/reglamento\/"]}]},{"@type":"ImageObject","inLanguage":"es","@id":"https:\/\/ipscbolivia.org\/index.php\/reglamento\/#primaryimage","url":"https:\/\/ipscbolivia.org\/wp-content\/uploads\/2023\/05\/1-1.png","contentUrl":"https:\/\/ipscbolivia.org\/wp-content\/uploads\/2023\/05\/1-1.png","width":1920,"height":1920},{"@type":"BreadcrumbList","@id":"https:\/\/ipscbolivia.org\/index.php\/reglamento\/#breadcrumb","itemListElement":[{"@type":"ListItem","position":1,"name":"Portada","item":"https:\/\/ipscbolivia.org\/"},{"@type":"ListItem","position":2,"name":"LEYES"}]},{"@type":"WebSite","@id":"https:\/\/ipscbolivia.org\/#website","url":"https:\/\/ipscbolivia.org\/","name":"FEDERACI\u00d3N BOLIVIANA TIRO PR\u00c1CTICO","description":"Direcci\u00f3n Regional IPSC Bolivia","publisher":{"@id":"https:\/\/ipscbolivia.org\/#organization"},"potentialAction":[{"@type":"SearchAction","target":{"@type":"EntryPoint","urlTemplate":"https:\/\/ipscbolivia.org\/?s={search_term_string}"},"query-input":{"@type":"PropertyValueSpecification","valueRequired":true,"valueName":"search_term_string"}}],"inLanguage":"es"},{"@type":"Organization","@id":"https:\/\/ipscbolivia.org\/#organization","name":"FEDERACI\u00d3N BOLIVIANA TIRO PR\u00c1CTICO","url":"https:\/\/ipscbolivia.org\/","logo":{"@type":"ImageObject","inLanguage":"es","@id":"https:\/\/ipscbolivia.org\/#\/schema\/logo\/image\/","url":"https:\/\/ipscbolivia.org\/wp-content\/uploads\/2022\/08\/cropped-Logo-IPSC-final-min.png","contentUrl":"https:\/\/ipscbolivia.org\/wp-content\/uploads\/2022\/08\/cropped-Logo-IPSC-final-min.png","width":1840,"height":2120,"caption":"FEDERACI\u00d3N BOLIVIANA TIRO PR\u00c1CTICO"},"image":{"@id":"https:\/\/ipscbolivia.org\/#\/schema\/logo\/image\/"}}]}},"_links":{"self":[{"href":"https:\/\/ipscbolivia.org\/index.php\/wp-json\/wp\/v2\/pages\/21","targetHints":{"allow":["GET"]}}],"collection":[{"href":"https:\/\/ipscbolivia.org\/index.php\/wp-json\/wp\/v2\/pages"}],"about":[{"href":"https:\/\/ipscbolivia.org\/index.php\/wp-json\/wp\/v2\/types\/page"}],"author":[{"embeddable":true,"href":"https:\/\/ipscbolivia.org\/index.php\/wp-json\/wp\/v2\/users\/1"}],"replies":[{"embeddable":true,"href":"https:\/\/ipscbolivia.org\/index.php\/wp-json\/wp\/v2\/comments?post=21"}],"version-history":[{"count":26,"href":"https:\/\/ipscbolivia.org\/index.php\/wp-json\/wp\/v2\/pages\/21\/revisions"}],"predecessor-version":[{"id":1083,"href":"https:\/\/ipscbolivia.org\/index.php\/wp-json\/wp\/v2\/pages\/21\/revisions\/1083"}],"wp:attachment":[{"href":"https:\/\/ipscbolivia.org\/index.php\/wp-json\/wp\/v2\/media?parent=21"}],"curies":[{"name":"wp","href":"https:\/\/api.w.org\/{rel}","templated":true}]}}