{"id":1126,"date":"2023-05-10T15:51:55","date_gmt":"2023-05-10T15:51:55","guid":{"rendered":"https:\/\/ipscbolivia.org\/?page_id=1126"},"modified":"2023-05-10T15:54:06","modified_gmt":"2023-05-10T15:54:06","slug":"politica-de-privacidad","status":"publish","type":"page","link":"https:\/\/ipscbolivia.org\/index.php\/politica-de-privacidad\/","title":{"rendered":"Politica de Privacidad"},"content":{"rendered":"\t\t<div data-elementor-type=\"wp-page\" data-elementor-id=\"1126\" class=\"elementor elementor-1126\">\n\t\t\t\t\t\t<section class=\"elementor-section elementor-top-section elementor-element elementor-element-4b0234d elementor-section-boxed elementor-section-height-default elementor-section-height-default\" data-id=\"4b0234d\" data-element_type=\"section\">\n\t\t\t\t\t\t<div class=\"elementor-container elementor-column-gap-default\">\n\t\t\t\t\t<div class=\"elementor-column elementor-col-100 elementor-top-column elementor-element elementor-element-46b2acd\" data-id=\"46b2acd\" data-element_type=\"column\">\n\t\t\t<div class=\"elementor-widget-wrap elementor-element-populated\">\n\t\t\t\t\t\t<div class=\"elementor-element elementor-element-b1acfb4 elementor-widget elementor-widget-heading\" data-id=\"b1acfb4\" data-element_type=\"widget\" data-widget_type=\"heading.default\">\n\t\t\t\t<div class=\"elementor-widget-container\">\n\t\t\t\t\t<h2 class=\"elementor-heading-title elementor-size-default\">POL\u00cdTICA DE PRIVACIDAD DE IPSC<\/h2>\t\t\t\t<\/div>\n\t\t\t\t<\/div>\n\t\t\t\t\t<\/div>\n\t\t<\/div>\n\t\t\t\t\t<\/div>\n\t\t<\/section>\n\t\t\t\t<section class=\"elementor-section elementor-top-section elementor-element elementor-element-d9787f8 elementor-section-boxed elementor-section-height-default elementor-section-height-default\" data-id=\"d9787f8\" data-element_type=\"section\">\n\t\t\t\t\t\t<div class=\"elementor-container elementor-column-gap-default\">\n\t\t\t\t\t<div class=\"elementor-column elementor-col-100 elementor-top-column elementor-element elementor-element-116d3a0\" data-id=\"116d3a0\" data-element_type=\"column\">\n\t\t\t<div class=\"elementor-widget-wrap elementor-element-populated\">\n\t\t\t\t\t\t<div class=\"elementor-element elementor-element-0570fd3 elementor-widget elementor-widget-text-editor\" data-id=\"0570fd3\" data-element_type=\"widget\" data-widget_type=\"text-editor.default\">\n\t\t\t\t<div class=\"elementor-widget-container\">\n\t\t\t\t\t\t\t\t\t<p>Esta es la Pol\u00edtica de privacidad de International Practical Shooting Confederation (en lo sucesivo, \u00abIPSC\u00bb, \u00abnosotros\u00bb o \u00abnuestro\u00bb), una asociaci\u00f3n sin fines de lucro registrada en Suecia, y cuya direcci\u00f3n esta registrada en Bolivia. Nuestra Pol\u00edtica de privacidad explica c\u00f3mo recopilamos, usamos, compartimos y protegemos la informaci\u00f3n en relaci\u00f3n con nuestro sitio web www.ipscbolivia.org.&nbsp;Recopilamos esta informaci\u00f3n cuando visita nuestro sitio web con su computadora, tableta o tel\u00e9fono m\u00f3vil (&nbsp;<strong>\u00abComputadora\u00bb<\/strong>&nbsp;).&nbsp;Procesamos los datos personales de acuerdo con el Reglamento General de Protecci\u00f3n de Datos (el&nbsp;&nbsp;<strong>\u201cRGPD\u201d<\/strong>&nbsp;), la legislaci\u00f3n basada en el RGPD y el resto de la legislaci\u00f3n vigente en materia de privacidad.<\/p>\n<p><span>\u00bfQu\u00e9 tipo de informaci\u00f3n recopilamos?<\/span><\/p>\n<p><strong><span>Informaci\u00f3n que nos proporciona<\/span><\/strong><br><span>Recopilamos la siguiente informaci\u00f3n que nos proporciona directamente<\/span><\/p>\n<p><strong><span>Informaci\u00f3n del archivo de registro<\/span><\/strong><br><span>Recopilamos informaci\u00f3n que su navegador env\u00eda cada vez que visita nuestro Servicio.&nbsp;Esta informaci\u00f3n del archivo de registro puede incluir informaci\u00f3n como la direcci\u00f3n del Protocolo de Internet de su computadora, el tipo de navegador, la versi\u00f3n del navegador, las p\u00e1ginas de nuestro Servicio que visita, la hora y la fecha de su visita, el tiempo que pasa en esas p\u00e1ginas y otras estad\u00edsticas.<\/span><\/p>\n<p><strong><span>Servicios de an\u00e1lisis (solo informaci\u00f3n de identificaci\u00f3n no personal)<\/span><\/strong><br><span>Utilizamos herramientas de an\u00e1lisis de terceros para ayudarnos a medir el tr\u00e1fico y las tendencias de uso del Servicio.&nbsp;Estas herramientas recopilan informaci\u00f3n enviada por su dispositivo o nuestro Servicio, incluidas las p\u00e1ginas web que visita, los complementos y otra informaci\u00f3n que nos ayuda a mejorar el Servicio.&nbsp;Las herramientas utilizan \u00abcookies\u00bb, que son archivos de texto colocados en su dispositivo, para recopilar su informaci\u00f3n de registro e informaci\u00f3n de comportamiento de forma an\u00f3nima.&nbsp;Recopilamos y usamos esta informaci\u00f3n anal\u00edtica con informaci\u00f3n anal\u00edtica de otros Usuarios para que no se pueda usar razonablemente para identificar a ning\u00fan Usuario individual en particular.&nbsp;Con respecto a Google Analytics, aunque Google Analytics instala una cookie permanente en su navegador web para identificarlo, nadie m\u00e1s que Google puede utilizar la cookie.&nbsp;La capacidad de Google para usar y compartir informaci\u00f3n recopilada por Google Analytics sobre sus visitas est\u00e1 restringida por los T\u00e9rminos de uso de Google Analytics y la Pol\u00edtica de privacidad de Google.&nbsp;Puede evitar que Google Analytics lo reconozca en visitas posteriores al deshabilitar las cookies.<\/span><\/p>\n<p><strong><span>Solicitudes legales y prevenci\u00f3n de da\u00f1os<\/span><\/strong><br><span>Podemos acceder, conservar y compartir su informaci\u00f3n en respuesta a una solicitud legal (como una orden de allanamiento, una orden judicial o una citaci\u00f3n) si creemos de buena fe que la ley nos obliga a hacerlo.&nbsp;Tambi\u00e9n podemos acceder, conservar y compartir informaci\u00f3n cuando creamos de buena fe que es necesario para: detectar, prevenir y abordar el fraude y otras actividades ilegales;&nbsp;para protegernos a nosotros mismos, a usted y a los dem\u00e1s, incluso como parte de las investigaciones;&nbsp;y para prevenir la muerte o da\u00f1o corporal inminente.&nbsp;La informaci\u00f3n que recibimos sobre usted puede ser accedida, procesada y retenida por un per\u00edodo prolongado de tiempo cuando es objeto de una solicitud u obligaci\u00f3n legal, investigaci\u00f3n gubernamental o investigaciones relacionadas con posibles violaciones de nuestros t\u00e9rminos o pol\u00edticas, o de otra manera para evitar da\u00f1os.<\/span><\/p>\n<p><strong><span>Seguridad y proteccion<\/span><\/strong><\/p>\n<p><span>IPSC ha tomado las medidas t\u00e9cnicas y organizativas apropiadas mediante el uso de las \u00faltimas tecnolog\u00edas para proteger su informaci\u00f3n contra p\u00e9rdidas o procesamiento ilegal.&nbsp;Utilizamos medidas de seguridad para ayudar a mantener segura la informaci\u00f3n recopilada a trav\u00e9s del Servicio.&nbsp;Usted es responsable de controlar el acceso a los correos electr\u00f3nicos entre usted e IPSC, en todo momento.&nbsp;No somos responsables de la funcionalidad, la privacidad o las medidas de seguridad de ninguna otra organizaci\u00f3n.<\/span><\/p>\n<p><\/p>\n<p><strong><span>Tus derechos:<\/span><\/strong><\/p>\n<p><span>La Confederaci\u00f3n Internacional de Tiro Pr\u00e1ctico se compromete a garantizar el procesamiento justo y transparente de sus datos personales.&nbsp;Por eso es importante para nosotros que los interesados tengan los siguientes derechos, sujetos a los requisitos legales pertinentes:<\/span><\/p>\n<p><span>\u2013 el derecho a exigir el acceso a los datos personales del interesado;<\/span><\/p>\n<p><span>\u2013 el derecho a la rectificaci\u00f3n o eliminaci\u00f3n de datos personales;<\/span><\/p>\n<p><span>\u2013 el derecho a restringir el procesamiento en relaci\u00f3n con el interesado<\/span><\/p>\n<p><span>\u2013 el derecho a oponerse al procesamiento de datos personales;<\/span><\/p>\n<p><span>\u2013 derechos a la portabilidad de los datos personales;<\/span><\/p>\n<p><span>\u2013 el derecho a retirar su consentimiento para el procesamiento de datos personales;<\/span><\/p>\n<p><span>\u2013 el derecho a presentar una queja ante una instituci\u00f3n supervisora<\/span><\/p>\n<p><span>Para ejercer su derecho, por favor escriba a info@ipsc.org<\/span><\/p>\n<p><strong><span>Aplicaciones, sitios web y servicios de terceros<\/span><\/strong><\/p>\n<p><span>No somos responsables de las pr\u00e1cticas empleadas por ninguna aplicaci\u00f3n, sitio web o servicio vinculado a nuestro Servicio o desde este, incluida la informaci\u00f3n o el contenido que contienen.&nbsp;Recuerde que cuando utiliza un enlace para ir de nuestro Servicio a otra aplicaci\u00f3n, sitio web o servicio, nuestra Pol\u00edtica de privacidad no se aplica a esas aplicaciones, sitios web o servicios de terceros.&nbsp;Su navegaci\u00f3n e interacci\u00f3n en cualquier aplicaci\u00f3n, sitio web o servicio de terceros, incluidos aquellos que tienen un enlace en nuestros Servicios, est\u00e1n sujetos a las propias reglas y pol\u00edticas de ese tercero.<\/span><\/p>\n<p><strong><span>privacidad de los ni\u00f1os<\/span><\/strong><\/p>\n<p><span>Nuestro Servicio no se dirige a ninguna persona menor de 13 a\u00f1os (&nbsp;<\/span><strong><span>\u00abNi\u00f1os\u00bb<\/span><\/strong><span>&nbsp;).&nbsp;No recopilamos a sabiendas informaci\u00f3n de identificaci\u00f3n personal de ni\u00f1os menores de 13 a\u00f1os. Si usted es padre o tutor y sabe que sus hijos nos han proporcionado informaci\u00f3n personal, comun\u00edquese con nosotros.&nbsp;Si nos damos cuenta de que hemos recopilado informaci\u00f3n personal de un ni\u00f1o menor de 13 a\u00f1os sin verificaci\u00f3n del consentimiento de los padres, tomamos medidas para eliminar esa informaci\u00f3n de nuestros servidores.<\/span><\/p>\n<p><\/p>\n<p><strong><span>\u00bfA qui\u00e9n puedo contactar?<\/span><\/strong><\/p>\n<p><span>Si tiene preguntas adicionales sobre la protecci\u00f3n de datos en relaci\u00f3n con nuestro sitio web o los servicios ofrecidos, cont\u00e1ctenos en febotip@ipscbolivia.org<\/span><\/p>\t\t\t\t\t\t\t\t<\/div>\n\t\t\t\t<\/div>\n\t\t\t\t\t<\/div>\n\t\t<\/div>\n\t\t\t\t\t<\/div>\n\t\t<\/section>\n\t\t\t\t<\/div>\n\t\t","protected":false},"excerpt":{"rendered":"<p>POL\u00cdTICA DE PRIVACIDAD DE IPSC Esta es la Pol\u00edtica de privacidad de International Practical Shooting Confederation (en lo sucesivo, \u00abIPSC\u00bb, \u00abnosotros\u00bb o \u00abnuestro\u00bb), una asociaci\u00f3n sin fines de lucro registrada en Suecia, y cuya direcci\u00f3n esta registrada en Bolivia. Nuestra Pol\u00edtica de privacidad explica c\u00f3mo recopilamos, usamos, compartimos y protegemos la informaci\u00f3n en relaci\u00f3n con &hellip;<\/p>\n<p class=\"read-more\"> <a class=\"\" href=\"https:\/\/ipscbolivia.org\/index.php\/politica-de-privacidad\/\"> <span class=\"screen-reader-text\">Politica de Privacidad<\/span> Leer m\u00e1s &raquo;<\/a><\/p>\n","protected":false},"author":1,"featured_media":0,"parent":0,"menu_order":0,"comment_status":"closed","ping_status":"closed","template":"","meta":{"footnotes":""},"class_list":["post-1126","page","type-page","status-publish","hentry"],"yoast_head":"<!-- This site is optimized with the Yoast SEO plugin v26.4 - https:\/\/yoast.com\/wordpress\/plugins\/seo\/ -->\n<title>Politica de Privacidad - FEDERACI\u00d3N BOLIVIANA TIRO PR\u00c1CTICO<\/title>\n<meta name=\"robots\" content=\"index, follow, max-snippet:-1, max-image-preview:large, max-video-preview:-1\" \/>\n<link rel=\"canonical\" href=\"https:\/\/ipscbolivia.org\/index.php\/politica-de-privacidad\/\" \/>\n<meta property=\"og:locale\" content=\"es_ES\" \/>\n<meta property=\"og:type\" content=\"article\" \/>\n<meta property=\"og:title\" content=\"Politica de Privacidad - FEDERACI\u00d3N BOLIVIANA TIRO PR\u00c1CTICO\" \/>\n<meta property=\"og:description\" content=\"POL\u00cdTICA DE PRIVACIDAD DE IPSC Esta es la Pol\u00edtica de privacidad de International Practical Shooting Confederation (en lo sucesivo, \u00abIPSC\u00bb, \u00abnosotros\u00bb o \u00abnuestro\u00bb), una asociaci\u00f3n sin fines de lucro registrada en Suecia, y cuya direcci\u00f3n esta registrada en Bolivia. Nuestra Pol\u00edtica de privacidad explica c\u00f3mo recopilamos, usamos, compartimos y protegemos la informaci\u00f3n en relaci\u00f3n con &hellip; Politica de Privacidad Leer m\u00e1s &raquo;\" \/>\n<meta property=\"og:url\" content=\"https:\/\/ipscbolivia.org\/index.php\/politica-de-privacidad\/\" \/>\n<meta property=\"og:site_name\" content=\"FEDERACI\u00d3N BOLIVIANA TIRO PR\u00c1CTICO\" \/>\n<meta property=\"article:modified_time\" content=\"2023-05-10T15:54:06+00:00\" \/>\n<meta name=\"twitter:card\" content=\"summary_large_image\" \/>\n<meta name=\"twitter:label1\" content=\"Tiempo de lectura\" \/>\n\t<meta name=\"twitter:data1\" content=\"5 minutos\" \/>\n<script type=\"application\/ld+json\" class=\"yoast-schema-graph\">{\"@context\":\"https:\/\/schema.org\",\"@graph\":[{\"@type\":\"WebPage\",\"@id\":\"https:\/\/ipscbolivia.org\/index.php\/politica-de-privacidad\/\",\"url\":\"https:\/\/ipscbolivia.org\/index.php\/politica-de-privacidad\/\",\"name\":\"Politica de Privacidad - FEDERACI\u00d3N BOLIVIANA TIRO PR\u00c1CTICO\",\"isPartOf\":{\"@id\":\"https:\/\/ipscbolivia.org\/#website\"},\"datePublished\":\"2023-05-10T15:51:55+00:00\",\"dateModified\":\"2023-05-10T15:54:06+00:00\",\"breadcrumb\":{\"@id\":\"https:\/\/ipscbolivia.org\/index.php\/politica-de-privacidad\/#breadcrumb\"},\"inLanguage\":\"es\",\"potentialAction\":[{\"@type\":\"ReadAction\",\"target\":[\"https:\/\/ipscbolivia.org\/index.php\/politica-de-privacidad\/\"]}]},{\"@type\":\"BreadcrumbList\",\"@id\":\"https:\/\/ipscbolivia.org\/index.php\/politica-de-privacidad\/#breadcrumb\",\"itemListElement\":[{\"@type\":\"ListItem\",\"position\":1,\"name\":\"Portada\",\"item\":\"https:\/\/ipscbolivia.org\/\"},{\"@type\":\"ListItem\",\"position\":2,\"name\":\"Politica de Privacidad\"}]},{\"@type\":\"WebSite\",\"@id\":\"https:\/\/ipscbolivia.org\/#website\",\"url\":\"https:\/\/ipscbolivia.org\/\",\"name\":\"FEDERACI\u00d3N BOLIVIANA TIRO PR\u00c1CTICO\",\"description\":\"Direcci\u00f3n Regional IPSC Bolivia\",\"publisher\":{\"@id\":\"https:\/\/ipscbolivia.org\/#organization\"},\"potentialAction\":[{\"@type\":\"SearchAction\",\"target\":{\"@type\":\"EntryPoint\",\"urlTemplate\":\"https:\/\/ipscbolivia.org\/?s={search_term_string}\"},\"query-input\":{\"@type\":\"PropertyValueSpecification\",\"valueRequired\":true,\"valueName\":\"search_term_string\"}}],\"inLanguage\":\"es\"},{\"@type\":\"Organization\",\"@id\":\"https:\/\/ipscbolivia.org\/#organization\",\"name\":\"FEDERACI\u00d3N BOLIVIANA TIRO PR\u00c1CTICO\",\"url\":\"https:\/\/ipscbolivia.org\/\",\"logo\":{\"@type\":\"ImageObject\",\"inLanguage\":\"es\",\"@id\":\"https:\/\/ipscbolivia.org\/#\/schema\/logo\/image\/\",\"url\":\"https:\/\/ipscbolivia.org\/wp-content\/uploads\/2022\/08\/cropped-Logo-IPSC-final-min.png\",\"contentUrl\":\"https:\/\/ipscbolivia.org\/wp-content\/uploads\/2022\/08\/cropped-Logo-IPSC-final-min.png\",\"width\":1840,\"height\":2120,\"caption\":\"FEDERACI\u00d3N BOLIVIANA TIRO PR\u00c1CTICO\"},\"image\":{\"@id\":\"https:\/\/ipscbolivia.org\/#\/schema\/logo\/image\/\"}}]}<\/script>\n<!-- \/ Yoast SEO plugin. -->","yoast_head_json":{"title":"Politica de Privacidad - FEDERACI\u00d3N BOLIVIANA TIRO PR\u00c1CTICO","robots":{"index":"index","follow":"follow","max-snippet":"max-snippet:-1","max-image-preview":"max-image-preview:large","max-video-preview":"max-video-preview:-1"},"canonical":"https:\/\/ipscbolivia.org\/index.php\/politica-de-privacidad\/","og_locale":"es_ES","og_type":"article","og_title":"Politica de Privacidad - FEDERACI\u00d3N BOLIVIANA TIRO PR\u00c1CTICO","og_description":"POL\u00cdTICA DE PRIVACIDAD DE IPSC Esta es la Pol\u00edtica de privacidad de International Practical Shooting Confederation (en lo sucesivo, \u00abIPSC\u00bb, \u00abnosotros\u00bb o \u00abnuestro\u00bb), una asociaci\u00f3n sin fines de lucro registrada en Suecia, y cuya direcci\u00f3n esta registrada en Bolivia. Nuestra Pol\u00edtica de privacidad explica c\u00f3mo recopilamos, usamos, compartimos y protegemos la informaci\u00f3n en relaci\u00f3n con &hellip; Politica de Privacidad Leer m\u00e1s &raquo;","og_url":"https:\/\/ipscbolivia.org\/index.php\/politica-de-privacidad\/","og_site_name":"FEDERACI\u00d3N BOLIVIANA TIRO PR\u00c1CTICO","article_modified_time":"2023-05-10T15:54:06+00:00","twitter_card":"summary_large_image","twitter_misc":{"Tiempo de lectura":"5 minutos"},"schema":{"@context":"https:\/\/schema.org","@graph":[{"@type":"WebPage","@id":"https:\/\/ipscbolivia.org\/index.php\/politica-de-privacidad\/","url":"https:\/\/ipscbolivia.org\/index.php\/politica-de-privacidad\/","name":"Politica de Privacidad - FEDERACI\u00d3N BOLIVIANA TIRO PR\u00c1CTICO","isPartOf":{"@id":"https:\/\/ipscbolivia.org\/#website"},"datePublished":"2023-05-10T15:51:55+00:00","dateModified":"2023-05-10T15:54:06+00:00","breadcrumb":{"@id":"https:\/\/ipscbolivia.org\/index.php\/politica-de-privacidad\/#breadcrumb"},"inLanguage":"es","potentialAction":[{"@type":"ReadAction","target":["https:\/\/ipscbolivia.org\/index.php\/politica-de-privacidad\/"]}]},{"@type":"BreadcrumbList","@id":"https:\/\/ipscbolivia.org\/index.php\/politica-de-privacidad\/#breadcrumb","itemListElement":[{"@type":"ListItem","position":1,"name":"Portada","item":"https:\/\/ipscbolivia.org\/"},{"@type":"ListItem","position":2,"name":"Politica de Privacidad"}]},{"@type":"WebSite","@id":"https:\/\/ipscbolivia.org\/#website","url":"https:\/\/ipscbolivia.org\/","name":"FEDERACI\u00d3N BOLIVIANA TIRO PR\u00c1CTICO","description":"Direcci\u00f3n Regional IPSC Bolivia","publisher":{"@id":"https:\/\/ipscbolivia.org\/#organization"},"potentialAction":[{"@type":"SearchAction","target":{"@type":"EntryPoint","urlTemplate":"https:\/\/ipscbolivia.org\/?s={search_term_string}"},"query-input":{"@type":"PropertyValueSpecification","valueRequired":true,"valueName":"search_term_string"}}],"inLanguage":"es"},{"@type":"Organization","@id":"https:\/\/ipscbolivia.org\/#organization","name":"FEDERACI\u00d3N BOLIVIANA TIRO PR\u00c1CTICO","url":"https:\/\/ipscbolivia.org\/","logo":{"@type":"ImageObject","inLanguage":"es","@id":"https:\/\/ipscbolivia.org\/#\/schema\/logo\/image\/","url":"https:\/\/ipscbolivia.org\/wp-content\/uploads\/2022\/08\/cropped-Logo-IPSC-final-min.png","contentUrl":"https:\/\/ipscbolivia.org\/wp-content\/uploads\/2022\/08\/cropped-Logo-IPSC-final-min.png","width":1840,"height":2120,"caption":"FEDERACI\u00d3N BOLIVIANA TIRO PR\u00c1CTICO"},"image":{"@id":"https:\/\/ipscbolivia.org\/#\/schema\/logo\/image\/"}}]}},"_links":{"self":[{"href":"https:\/\/ipscbolivia.org\/index.php\/wp-json\/wp\/v2\/pages\/1126","targetHints":{"allow":["GET"]}}],"collection":[{"href":"https:\/\/ipscbolivia.org\/index.php\/wp-json\/wp\/v2\/pages"}],"about":[{"href":"https:\/\/ipscbolivia.org\/index.php\/wp-json\/wp\/v2\/types\/page"}],"author":[{"embeddable":true,"href":"https:\/\/ipscbolivia.org\/index.php\/wp-json\/wp\/v2\/users\/1"}],"replies":[{"embeddable":true,"href":"https:\/\/ipscbolivia.org\/index.php\/wp-json\/wp\/v2\/comments?post=1126"}],"version-history":[{"count":6,"href":"https:\/\/ipscbolivia.org\/index.php\/wp-json\/wp\/v2\/pages\/1126\/revisions"}],"predecessor-version":[{"id":1132,"href":"https:\/\/ipscbolivia.org\/index.php\/wp-json\/wp\/v2\/pages\/1126\/revisions\/1132"}],"wp:attachment":[{"href":"https:\/\/ipscbolivia.org\/index.php\/wp-json\/wp\/v2\/media?parent=1126"}],"curies":[{"name":"wp","href":"https:\/\/api.w.org\/{rel}","templated":true}]}}