{"id":108,"date":"2021-08-27T08:52:50","date_gmt":"2021-08-27T08:52:50","guid":{"rendered":"https:\/\/ipscbolivia.org\/?page_id=108"},"modified":"2023-05-12T14:38:52","modified_gmt":"2023-05-12T14:38:52","slug":"iroa-bolivia","status":"publish","type":"page","link":"https:\/\/ipscbolivia.org\/index.php\/iroa-bolivia\/","title":{"rendered":"NROI BOLIVIA"},"content":{"rendered":"\t\t<div data-elementor-type=\"wp-page\" data-elementor-id=\"108\" class=\"elementor elementor-108\">\n\t\t\t\t\t\t<section class=\"elementor-section elementor-top-section elementor-element elementor-element-bd97b18 elementor-section-boxed elementor-section-height-default elementor-section-height-default\" data-id=\"bd97b18\" data-element_type=\"section\" data-settings=\"{&quot;background_background&quot;:&quot;classic&quot;}\">\n\t\t\t\t\t\t<div class=\"elementor-container elementor-column-gap-default\">\n\t\t\t\t\t<div class=\"elementor-column elementor-col-50 elementor-top-column elementor-element elementor-element-0da2281\" data-id=\"0da2281\" data-element_type=\"column\">\n\t\t\t<div class=\"elementor-widget-wrap elementor-element-populated\">\n\t\t\t\t\t\t<div class=\"elementor-element elementor-element-c80b7dd elementor-widget elementor-widget-spacer\" data-id=\"c80b7dd\" data-element_type=\"widget\" data-widget_type=\"spacer.default\">\n\t\t\t\t<div class=\"elementor-widget-container\">\n\t\t\t\t\t\t\t<div class=\"elementor-spacer\">\n\t\t\t<div class=\"elementor-spacer-inner\"><\/div>\n\t\t<\/div>\n\t\t\t\t\t\t<\/div>\n\t\t\t\t<\/div>\n\t\t\t\t<div class=\"elementor-element elementor-element-6da520f5 elementor-widget elementor-widget-heading\" data-id=\"6da520f5\" data-element_type=\"widget\" data-widget_type=\"heading.default\">\n\t\t\t\t<div class=\"elementor-widget-container\">\n\t\t\t\t\t<h2 class=\"elementor-heading-title elementor-size-large\">INSTITUTO NACIONAL DE JEFES DE CAMPO<\/h2>\t\t\t\t<\/div>\n\t\t\t\t<\/div>\n\t\t\t\t<div class=\"elementor-element elementor-element-be5cfa6 elementor-position-left elementor-view-framed elementor-mobile-position-left elementor-shape-circle elementor-widget elementor-widget-icon-box\" data-id=\"be5cfa6\" data-element_type=\"widget\" data-widget_type=\"icon-box.default\">\n\t\t\t\t<div class=\"elementor-widget-container\">\n\t\t\t\t\t\t\t<div class=\"elementor-icon-box-wrapper\">\n\n\t\t\t\t\t\t<div class=\"elementor-icon-box-icon\">\n\t\t\t\t<a href=\"https:\/\/ipscbolivia.org\/wp-content\/uploads\/2021\/09\/RulesHandgunESP.pdf\" class=\"elementor-icon\" tabindex=\"-1\" aria-label=\"Handung January 2019\">\n\t\t\t\t<i aria-hidden=\"true\" class=\"fas fa-file-download\"><\/i>\t\t\t\t<\/a>\n\t\t\t<\/div>\n\t\t\t\n\t\t\t\t\t\t<div class=\"elementor-icon-box-content\">\n\n\t\t\t\t\t\t\t\t\t<h3 class=\"elementor-icon-box-title\">\n\t\t\t\t\t\t<a href=\"https:\/\/ipscbolivia.org\/wp-content\/uploads\/2021\/09\/RulesHandgunESP.pdf\" >\n\t\t\t\t\t\t\tHandung January 2019\t\t\t\t\t\t<\/a>\n\t\t\t\t\t<\/h3>\n\t\t\t\t\n\t\t\t\t\t\t\t\t\t<p class=\"elementor-icon-box-description\">\n\t\t\t\t\t\tLos siguientes principios generales aplicables al dise\u00f1o de recorridos de tiro que enumeran los criterios responsabilidades y restricciones que gobiernan a los dise\u00f1adores de recorridos como los arquitectos del deporte de tiro IPSC...\t\t\t\t\t<\/p>\n\t\t\t\t\n\t\t\t<\/div>\n\t\t\t\n\t\t<\/div>\n\t\t\t\t\t\t<\/div>\n\t\t\t\t<\/div>\n\t\t\t\t<div class=\"elementor-element elementor-element-f318806 elementor-position-left elementor-view-framed elementor-mobile-position-left elementor-shape-circle elementor-widget elementor-widget-icon-box\" data-id=\"f318806\" data-element_type=\"widget\" data-widget_type=\"icon-box.default\">\n\t\t\t\t<div class=\"elementor-widget-container\">\n\t\t\t\t\t\t\t<div class=\"elementor-icon-box-wrapper\">\n\n\t\t\t\t\t\t<div class=\"elementor-icon-box-icon\">\n\t\t\t\t<a href=\"https:\/\/ipscbolivia.org\/wp-content\/uploads\/2021\/09\/RulesShotgunFREN.pdf\" class=\"elementor-icon\" tabindex=\"-1\" aria-label=\"Shothung January 2017\">\n\t\t\t\t<i aria-hidden=\"true\" class=\"fas fa-file-download\"><\/i>\t\t\t\t<\/a>\n\t\t\t<\/div>\n\t\t\t\n\t\t\t\t\t\t<div class=\"elementor-icon-box-content\">\n\n\t\t\t\t\t\t\t\t\t<h3 class=\"elementor-icon-box-title\">\n\t\t\t\t\t\t<a href=\"https:\/\/ipscbolivia.org\/wp-content\/uploads\/2021\/09\/RulesShotgunFREN.pdf\" >\n\t\t\t\t\t\t\tShothung January 2017\t\t\t\t\t\t<\/a>\n\t\t\t\t\t<\/h3>\n\t\t\t\t\n\t\t\t\t\t\t\t\t\t<p class=\"elementor-icon-box-description\">\n\t\t\t\t\t\tThe following general principles of course design list the criteria, responsibilities and restrictions governing Course\nDesigners as the architects of the sport of IPSC shooting...\n\t\t\t\t\t<\/p>\n\t\t\t\t\n\t\t\t<\/div>\n\t\t\t\n\t\t<\/div>\n\t\t\t\t\t\t<\/div>\n\t\t\t\t<\/div>\n\t\t\t\t<div class=\"elementor-element elementor-element-a39c30a elementor-position-left elementor-view-framed elementor-mobile-position-left elementor-shape-circle elementor-widget elementor-widget-icon-box\" data-id=\"a39c30a\" data-element_type=\"widget\" data-widget_type=\"icon-box.default\">\n\t\t\t\t<div class=\"elementor-widget-container\">\n\t\t\t\t\t\t\t<div class=\"elementor-icon-box-wrapper\">\n\n\t\t\t\t\t\t<div class=\"elementor-icon-box-icon\">\n\t\t\t\t<a href=\"https:\/\/ipscbolivia.org\/wp-content\/uploads\/2021\/09\/RulesRifleFREN.pdf\" class=\"elementor-icon\" tabindex=\"-1\" aria-label=\"Rifle January 2017\">\n\t\t\t\t<i aria-hidden=\"true\" class=\"fas fa-file-download\"><\/i>\t\t\t\t<\/a>\n\t\t\t<\/div>\n\t\t\t\n\t\t\t\t\t\t<div class=\"elementor-icon-box-content\">\n\n\t\t\t\t\t\t\t\t\t<h3 class=\"elementor-icon-box-title\">\n\t\t\t\t\t\t<a href=\"https:\/\/ipscbolivia.org\/wp-content\/uploads\/2021\/09\/RulesRifleFREN.pdf\" >\n\t\t\t\t\t\t\tRifle January 2017\t\t\t\t\t\t<\/a>\n\t\t\t\t\t<\/h3>\n\t\t\t\t\n\t\t\t\t\t\t\t\t\t<p class=\"elementor-icon-box-description\">\n\t\t\t\t\t\tThe following general principles of course design list the criteria, responsibilities and restrictions governing Course\nDesigners as the architects of the sport of IPSC shooting...\t\t\t\t\t<\/p>\n\t\t\t\t\n\t\t\t<\/div>\n\t\t\t\n\t\t<\/div>\n\t\t\t\t\t\t<\/div>\n\t\t\t\t<\/div>\n\t\t\t\t\t<\/div>\n\t\t<\/div>\n\t\t\t\t<div class=\"elementor-column elementor-col-50 elementor-top-column elementor-element elementor-element-9a53a05 elementor-hidden-tablet\" data-id=\"9a53a05\" data-element_type=\"column\">\n\t\t\t<div class=\"elementor-widget-wrap elementor-element-populated\">\n\t\t\t\t\t\t<div class=\"elementor-element elementor-element-ad43ade elementor-widget elementor-widget-spacer\" data-id=\"ad43ade\" data-element_type=\"widget\" data-widget_type=\"spacer.default\">\n\t\t\t\t<div class=\"elementor-widget-container\">\n\t\t\t\t\t\t\t<div class=\"elementor-spacer\">\n\t\t\t<div class=\"elementor-spacer-inner\"><\/div>\n\t\t<\/div>\n\t\t\t\t\t\t<\/div>\n\t\t\t\t<\/div>\n\t\t\t\t<div class=\"elementor-element elementor-element-46cfd31 elementor-arrows-position-inside elementor-pagination-position-outside elementor-widget elementor-widget-image-carousel\" data-id=\"46cfd31\" data-element_type=\"widget\" data-settings=\"{&quot;slides_to_show&quot;:&quot;1&quot;,&quot;navigation&quot;:&quot;both&quot;,&quot;autoplay&quot;:&quot;yes&quot;,&quot;pause_on_hover&quot;:&quot;yes&quot;,&quot;pause_on_interaction&quot;:&quot;yes&quot;,&quot;autoplay_speed&quot;:5000,&quot;infinite&quot;:&quot;yes&quot;,&quot;effect&quot;:&quot;slide&quot;,&quot;speed&quot;:500}\" data-widget_type=\"image-carousel.default\">\n\t\t\t\t<div class=\"elementor-widget-container\">\n\t\t\t\t\t\t\t<div class=\"elementor-image-carousel-wrapper swiper\" role=\"region\" aria-roledescription=\"carousel\" aria-label=\"Carrusel de im\u00e1genes\" dir=\"ltr\">\n\t\t\t<div class=\"elementor-image-carousel swiper-wrapper\" aria-live=\"off\">\n\t\t\t\t\t\t\t\t<div class=\"swiper-slide\" role=\"group\" aria-roledescription=\"slide\" aria-label=\"1 de 5\"><figure class=\"swiper-slide-inner\"><img decoding=\"async\" class=\"swiper-slide-image\" src=\"https:\/\/ipscbolivia.org\/wp-content\/uploads\/2021\/09\/Level-1-IROA-Seminar.jpeg\" alt=\"Level 1 IROA Seminar\" \/><\/figure><\/div><div class=\"swiper-slide\" role=\"group\" aria-roledescription=\"slide\" aria-label=\"2 de 5\"><figure class=\"swiper-slide-inner\"><img decoding=\"async\" class=\"swiper-slide-image\" src=\"https:\/\/ipscbolivia.org\/wp-content\/uploads\/2021\/09\/Juan-Jose-Diaz-at-the-Seminar.jpeg\" alt=\"Juan Jose Diaz at the Seminar\" \/><\/figure><\/div><div class=\"swiper-slide\" role=\"group\" aria-roledescription=\"slide\" aria-label=\"3 de 5\"><figure class=\"swiper-slide-inner\"><img decoding=\"async\" class=\"swiper-slide-image\" src=\"https:\/\/ipscbolivia.org\/wp-content\/uploads\/2021\/09\/Winners-Standard.jpeg\" alt=\"Winners Standard\" \/><\/figure><\/div><div class=\"swiper-slide\" role=\"group\" aria-roledescription=\"slide\" aria-label=\"4 de 5\"><figure class=\"swiper-slide-inner\"><img decoding=\"async\" class=\"swiper-slide-image\" src=\"https:\/\/ipscbolivia.org\/wp-content\/uploads\/2021\/10\/WhatsApp-Image-2021-10-07-at-18.01.14.jpeg\" alt=\"WhatsApp Image 2021-10-07 at 18.01.14\" \/><\/figure><\/div><div class=\"swiper-slide\" role=\"group\" aria-roledescription=\"slide\" aria-label=\"5 de 5\"><figure class=\"swiper-slide-inner\"><img decoding=\"async\" class=\"swiper-slide-image\" src=\"https:\/\/ipscbolivia.org\/wp-content\/uploads\/2021\/10\/WhatsApp-Image-2021-10-07-at-18.01.13.jpeg\" alt=\"WhatsApp Image 2021-10-07 at 18.01.13\" \/><\/figure><\/div>\t\t\t<\/div>\n\t\t\t\t\t\t\t\t\t\t\t\t<div class=\"elementor-swiper-button elementor-swiper-button-prev\" role=\"button\" tabindex=\"0\">\n\t\t\t\t\t\t<i aria-hidden=\"true\" class=\"eicon-chevron-left\"><\/i>\t\t\t\t\t<\/div>\n\t\t\t\t\t<div class=\"elementor-swiper-button elementor-swiper-button-next\" role=\"button\" tabindex=\"0\">\n\t\t\t\t\t\t<i aria-hidden=\"true\" class=\"eicon-chevron-right\"><\/i>\t\t\t\t\t<\/div>\n\t\t\t\t\n\t\t\t\t\t\t\t\t\t<div class=\"swiper-pagination\"><\/div>\n\t\t\t\t\t\t\t\t\t<\/div>\n\t\t\t\t\t\t<\/div>\n\t\t\t\t<\/div>\n\t\t\t\t\t<\/div>\n\t\t<\/div>\n\t\t\t\t\t<\/div>\n\t\t<\/section>\n\t\t\t\t<section class=\"elementor-section elementor-top-section elementor-element elementor-element-7abe344 elementor-section-boxed elementor-section-height-default elementor-section-height-default\" data-id=\"7abe344\" data-element_type=\"section\" data-settings=\"{&quot;background_background&quot;:&quot;classic&quot;}\">\n\t\t\t\t\t\t<div class=\"elementor-container elementor-column-gap-default\">\n\t\t\t\t\t<div class=\"elementor-column elementor-col-50 elementor-top-column elementor-element elementor-element-114cc5c\" data-id=\"114cc5c\" data-element_type=\"column\">\n\t\t\t<div class=\"elementor-widget-wrap elementor-element-populated\">\n\t\t\t\t\t\t<div class=\"elementor-element elementor-element-fa5d0e0 elementor-widget elementor-widget-heading\" data-id=\"fa5d0e0\" data-element_type=\"widget\" data-widget_type=\"heading.default\">\n\t\t\t\t<div class=\"elementor-widget-container\">\n\t\t\t\t\t<h2 class=\"elementor-heading-title elementor-size-default\">IPSC - IROA OFFICIALS<\/h2>\t\t\t\t<\/div>\n\t\t\t\t<\/div>\n\t\t\t\t<div class=\"elementor-element elementor-element-a33e4f6 elementor-widget elementor-widget-text-editor\" data-id=\"a33e4f6\" data-element_type=\"widget\" data-widget_type=\"text-editor.default\">\n\t\t\t\t<div class=\"elementor-widget-container\">\n\t\t\t\t\t\t\t\t\t<p>Select the options you would like for displaying the IROA Officials, then press the GO button.<\/p>\t\t\t\t\t\t\t\t<\/div>\n\t\t\t\t<\/div>\n\t\t\t\t<div class=\"elementor-element elementor-element-5f73ca2 elementor-widget elementor-widget-image\" data-id=\"5f73ca2\" data-element_type=\"widget\" data-widget_type=\"image.default\">\n\t\t\t\t<div class=\"elementor-widget-container\">\n\t\t\t\t\t\t\t\t\t\t\t\t\t\t\t<img fetchpriority=\"high\" decoding=\"async\" width=\"772\" height=\"681\" src=\"https:\/\/ipscbolivia.org\/wp-content\/uploads\/2021\/09\/captura-1.png\" class=\"attachment-large size-large wp-image-592\" alt=\"\" srcset=\"https:\/\/ipscbolivia.org\/wp-content\/uploads\/2021\/09\/captura-1.png 772w, https:\/\/ipscbolivia.org\/wp-content\/uploads\/2021\/09\/captura-1-600x529.png 600w, https:\/\/ipscbolivia.org\/wp-content\/uploads\/2021\/09\/captura-1-300x265.png 300w, https:\/\/ipscbolivia.org\/wp-content\/uploads\/2021\/09\/captura-1-768x677.png 768w\" sizes=\"(max-width: 772px) 100vw, 772px\" \/>\t\t\t\t\t\t\t\t\t\t\t\t\t\t\t<\/div>\n\t\t\t\t<\/div>\n\t\t\t\t<div class=\"elementor-element elementor-element-42613d3 elementor-align-center elementor-widget elementor-widget-button\" data-id=\"42613d3\" data-element_type=\"widget\" data-widget_type=\"button.default\">\n\t\t\t\t<div class=\"elementor-widget-container\">\n\t\t\t\t\t\t\t\t\t<div class=\"elementor-button-wrapper\">\n\t\t\t\t\t<a class=\"elementor-button elementor-button-link elementor-size-sm\" href=\"https:\/\/www.ipsc.org\/iroa\/iroa-list\/\">\n\t\t\t\t\t\t<span class=\"elementor-button-content-wrapper\">\n\t\t\t\t\t\t\t\t\t<span class=\"elementor-button-text\">IPSC-IROA Officials<\/span>\n\t\t\t\t\t<\/span>\n\t\t\t\t\t<\/a>\n\t\t\t\t<\/div>\n\t\t\t\t\t\t\t\t<\/div>\n\t\t\t\t<\/div>\n\t\t\t\t\t<\/div>\n\t\t<\/div>\n\t\t\t\t<div class=\"elementor-column elementor-col-50 elementor-top-column elementor-element elementor-element-32050cb\" data-id=\"32050cb\" data-element_type=\"column\">\n\t\t\t<div class=\"elementor-widget-wrap elementor-element-populated\">\n\t\t\t\t\t\t<div class=\"elementor-element elementor-element-ef033bc elementor-widget elementor-widget-heading\" data-id=\"ef033bc\" data-element_type=\"widget\" data-widget_type=\"heading.default\">\n\t\t\t\t<div class=\"elementor-widget-container\">\n\t\t\t\t\t<h2 class=\"elementor-heading-title elementor-size-default\">Aplicaci\u00f3n para IROA<\/h2>\t\t\t\t<\/div>\n\t\t\t\t<\/div>\n\t\t\t\t<div class=\"elementor-element elementor-element-acd9351 elementor-widget elementor-widget-text-editor\" data-id=\"acd9351\" data-element_type=\"widget\" data-widget_type=\"text-editor.default\">\n\t\t\t\t<div class=\"elementor-widget-container\">\n\t\t\t\t\t\t\t\t\t<p>NO aplique si ya es funcionario de IROA.<br \/>Comun\u00edquese con IROA si desea obtener una acreditaci\u00f3n en otras disciplinas.<\/p>\t\t\t\t\t\t\t\t<\/div>\n\t\t\t\t<\/div>\n\t\t\t\t<div class=\"elementor-element elementor-element-a309102 elementor-widget elementor-widget-image\" data-id=\"a309102\" data-element_type=\"widget\" data-widget_type=\"image.default\">\n\t\t\t\t<div class=\"elementor-widget-container\">\n\t\t\t\t\t\t\t\t\t\t\t\t\t\t\t<img decoding=\"async\" width=\"747\" height=\"651\" src=\"https:\/\/ipscbolivia.org\/wp-content\/uploads\/2021\/09\/captura-2.png\" class=\"attachment-large size-large wp-image-593\" alt=\"\" srcset=\"https:\/\/ipscbolivia.org\/wp-content\/uploads\/2021\/09\/captura-2.png 747w, https:\/\/ipscbolivia.org\/wp-content\/uploads\/2021\/09\/captura-2-600x523.png 600w, https:\/\/ipscbolivia.org\/wp-content\/uploads\/2021\/09\/captura-2-300x261.png 300w\" sizes=\"(max-width: 747px) 100vw, 747px\" \/>\t\t\t\t\t\t\t\t\t\t\t\t\t\t\t<\/div>\n\t\t\t\t<\/div>\n\t\t\t\t<div class=\"elementor-element elementor-element-30bb7af elementor-align-center elementor-widget elementor-widget-button\" data-id=\"30bb7af\" data-element_type=\"widget\" data-widget_type=\"button.default\">\n\t\t\t\t<div class=\"elementor-widget-container\">\n\t\t\t\t\t\t\t\t\t<div class=\"elementor-button-wrapper\">\n\t\t\t\t\t<a class=\"elementor-button elementor-button-link elementor-size-sm\" href=\"https:\/\/www.ipsc.org\/iroa\/iroa-application\/\">\n\t\t\t\t\t\t<span class=\"elementor-button-content-wrapper\">\n\t\t\t\t\t\t\t\t\t<span class=\"elementor-button-text\">Online Application<\/span>\n\t\t\t\t\t<\/span>\n\t\t\t\t\t<\/a>\n\t\t\t\t<\/div>\n\t\t\t\t\t\t\t\t<\/div>\n\t\t\t\t<\/div>\n\t\t\t\t\t<\/div>\n\t\t<\/div>\n\t\t\t\t\t<\/div>\n\t\t<\/section>\n\t\t\t\t<\/div>\n\t\t","protected":false},"excerpt":{"rendered":"<p>INSTITUTO NACIONAL DE JEFES DE CAMPO Handung January 2019 Los siguientes principios generales aplicables al dise\u00f1o de recorridos de tiro que enumeran los criterios responsabilidades y restricciones que gobiernan a los dise\u00f1adores de recorridos como los arquitectos del deporte de tiro IPSC&#8230; Shothung January 2017 The following general principles of course design list the criteria, &hellip;<\/p>\n<p class=\"read-more\"> <a class=\"\" href=\"https:\/\/ipscbolivia.org\/index.php\/iroa-bolivia\/\"> <span class=\"screen-reader-text\">NROI BOLIVIA<\/span> Leer m\u00e1s &raquo;<\/a><\/p>\n","protected":false},"author":1,"featured_media":0,"parent":0,"menu_order":5,"comment_status":"closed","ping_status":"closed","template":"","meta":{"footnotes":""},"class_list":["post-108","page","type-page","status-publish","hentry"],"yoast_head":"<!-- This site is optimized with the Yoast SEO plugin v26.4 - https:\/\/yoast.com\/wordpress\/plugins\/seo\/ -->\n<title>NROI BOLIVIA - FEDERACI\u00d3N BOLIVIANA TIRO PR\u00c1CTICO<\/title>\n<meta name=\"robots\" content=\"index, follow, max-snippet:-1, max-image-preview:large, max-video-preview:-1\" \/>\n<link rel=\"canonical\" href=\"https:\/\/ipscbolivia.org\/index.php\/iroa-bolivia\/\" \/>\n<meta property=\"og:locale\" content=\"es_ES\" \/>\n<meta property=\"og:type\" content=\"article\" \/>\n<meta property=\"og:title\" content=\"NROI BOLIVIA - FEDERACI\u00d3N BOLIVIANA TIRO PR\u00c1CTICO\" \/>\n<meta property=\"og:description\" content=\"INSTITUTO NACIONAL DE JEFES DE CAMPO Handung January 2019 Los siguientes principios generales aplicables al dise\u00f1o de recorridos de tiro que enumeran los criterios responsabilidades y restricciones que gobiernan a los dise\u00f1adores de recorridos como los arquitectos del deporte de tiro IPSC&#8230; Shothung January 2017 The following general principles of course design list the criteria, &hellip; NROI BOLIVIA Leer m\u00e1s &raquo;\" \/>\n<meta property=\"og:url\" content=\"https:\/\/ipscbolivia.org\/index.php\/iroa-bolivia\/\" \/>\n<meta property=\"og:site_name\" content=\"FEDERACI\u00d3N BOLIVIANA TIRO PR\u00c1CTICO\" \/>\n<meta property=\"article:modified_time\" content=\"2023-05-12T14:38:52+00:00\" \/>\n<meta property=\"og:image\" content=\"https:\/\/ipscbolivia.org\/wp-content\/uploads\/2021\/09\/Level-1-IROA-Seminar.jpeg\" \/>\n<meta name=\"twitter:card\" content=\"summary_large_image\" \/>\n<meta name=\"twitter:label1\" content=\"Tiempo de lectura\" \/>\n\t<meta name=\"twitter:data1\" content=\"3 minutos\" \/>\n<script type=\"application\/ld+json\" class=\"yoast-schema-graph\">{\"@context\":\"https:\/\/schema.org\",\"@graph\":[{\"@type\":\"WebPage\",\"@id\":\"https:\/\/ipscbolivia.org\/index.php\/iroa-bolivia\/\",\"url\":\"https:\/\/ipscbolivia.org\/index.php\/iroa-bolivia\/\",\"name\":\"NROI BOLIVIA - FEDERACI\u00d3N BOLIVIANA TIRO PR\u00c1CTICO\",\"isPartOf\":{\"@id\":\"https:\/\/ipscbolivia.org\/#website\"},\"primaryImageOfPage\":{\"@id\":\"https:\/\/ipscbolivia.org\/index.php\/iroa-bolivia\/#primaryimage\"},\"image\":{\"@id\":\"https:\/\/ipscbolivia.org\/index.php\/iroa-bolivia\/#primaryimage\"},\"thumbnailUrl\":\"https:\/\/ipscbolivia.org\/wp-content\/uploads\/2021\/09\/Level-1-IROA-Seminar.jpeg\",\"datePublished\":\"2021-08-27T08:52:50+00:00\",\"dateModified\":\"2023-05-12T14:38:52+00:00\",\"breadcrumb\":{\"@id\":\"https:\/\/ipscbolivia.org\/index.php\/iroa-bolivia\/#breadcrumb\"},\"inLanguage\":\"es\",\"potentialAction\":[{\"@type\":\"ReadAction\",\"target\":[\"https:\/\/ipscbolivia.org\/index.php\/iroa-bolivia\/\"]}]},{\"@type\":\"ImageObject\",\"inLanguage\":\"es\",\"@id\":\"https:\/\/ipscbolivia.org\/index.php\/iroa-bolivia\/#primaryimage\",\"url\":\"https:\/\/ipscbolivia.org\/wp-content\/uploads\/2021\/09\/Level-1-IROA-Seminar.jpeg\",\"contentUrl\":\"https:\/\/ipscbolivia.org\/wp-content\/uploads\/2021\/09\/Level-1-IROA-Seminar.jpeg\",\"width\":1032,\"height\":581},{\"@type\":\"BreadcrumbList\",\"@id\":\"https:\/\/ipscbolivia.org\/index.php\/iroa-bolivia\/#breadcrumb\",\"itemListElement\":[{\"@type\":\"ListItem\",\"position\":1,\"name\":\"Portada\",\"item\":\"https:\/\/ipscbolivia.org\/\"},{\"@type\":\"ListItem\",\"position\":2,\"name\":\"NROI BOLIVIA\"}]},{\"@type\":\"WebSite\",\"@id\":\"https:\/\/ipscbolivia.org\/#website\",\"url\":\"https:\/\/ipscbolivia.org\/\",\"name\":\"FEDERACI\u00d3N BOLIVIANA TIRO PR\u00c1CTICO\",\"description\":\"Direcci\u00f3n Regional IPSC Bolivia\",\"publisher\":{\"@id\":\"https:\/\/ipscbolivia.org\/#organization\"},\"potentialAction\":[{\"@type\":\"SearchAction\",\"target\":{\"@type\":\"EntryPoint\",\"urlTemplate\":\"https:\/\/ipscbolivia.org\/?s={search_term_string}\"},\"query-input\":{\"@type\":\"PropertyValueSpecification\",\"valueRequired\":true,\"valueName\":\"search_term_string\"}}],\"inLanguage\":\"es\"},{\"@type\":\"Organization\",\"@id\":\"https:\/\/ipscbolivia.org\/#organization\",\"name\":\"FEDERACI\u00d3N BOLIVIANA TIRO PR\u00c1CTICO\",\"url\":\"https:\/\/ipscbolivia.org\/\",\"logo\":{\"@type\":\"ImageObject\",\"inLanguage\":\"es\",\"@id\":\"https:\/\/ipscbolivia.org\/#\/schema\/logo\/image\/\",\"url\":\"https:\/\/ipscbolivia.org\/wp-content\/uploads\/2022\/08\/cropped-Logo-IPSC-final-min.png\",\"contentUrl\":\"https:\/\/ipscbolivia.org\/wp-content\/uploads\/2022\/08\/cropped-Logo-IPSC-final-min.png\",\"width\":1840,\"height\":2120,\"caption\":\"FEDERACI\u00d3N BOLIVIANA TIRO PR\u00c1CTICO\"},\"image\":{\"@id\":\"https:\/\/ipscbolivia.org\/#\/schema\/logo\/image\/\"}}]}<\/script>\n<!-- \/ Yoast SEO plugin. -->","yoast_head_json":{"title":"NROI BOLIVIA - FEDERACI\u00d3N BOLIVIANA TIRO PR\u00c1CTICO","robots":{"index":"index","follow":"follow","max-snippet":"max-snippet:-1","max-image-preview":"max-image-preview:large","max-video-preview":"max-video-preview:-1"},"canonical":"https:\/\/ipscbolivia.org\/index.php\/iroa-bolivia\/","og_locale":"es_ES","og_type":"article","og_title":"NROI BOLIVIA - FEDERACI\u00d3N BOLIVIANA TIRO PR\u00c1CTICO","og_description":"INSTITUTO NACIONAL DE JEFES DE CAMPO Handung January 2019 Los siguientes principios generales aplicables al dise\u00f1o de recorridos de tiro que enumeran los criterios responsabilidades y restricciones que gobiernan a los dise\u00f1adores de recorridos como los arquitectos del deporte de tiro IPSC&#8230; Shothung January 2017 The following general principles of course design list the criteria, &hellip; NROI BOLIVIA Leer m\u00e1s &raquo;","og_url":"https:\/\/ipscbolivia.org\/index.php\/iroa-bolivia\/","og_site_name":"FEDERACI\u00d3N BOLIVIANA TIRO PR\u00c1CTICO","article_modified_time":"2023-05-12T14:38:52+00:00","og_image":[{"url":"https:\/\/ipscbolivia.org\/wp-content\/uploads\/2021\/09\/Level-1-IROA-Seminar.jpeg","type":"","width":"","height":""}],"twitter_card":"summary_large_image","twitter_misc":{"Tiempo de lectura":"3 minutos"},"schema":{"@context":"https:\/\/schema.org","@graph":[{"@type":"WebPage","@id":"https:\/\/ipscbolivia.org\/index.php\/iroa-bolivia\/","url":"https:\/\/ipscbolivia.org\/index.php\/iroa-bolivia\/","name":"NROI BOLIVIA - FEDERACI\u00d3N BOLIVIANA TIRO PR\u00c1CTICO","isPartOf":{"@id":"https:\/\/ipscbolivia.org\/#website"},"primaryImageOfPage":{"@id":"https:\/\/ipscbolivia.org\/index.php\/iroa-bolivia\/#primaryimage"},"image":{"@id":"https:\/\/ipscbolivia.org\/index.php\/iroa-bolivia\/#primaryimage"},"thumbnailUrl":"https:\/\/ipscbolivia.org\/wp-content\/uploads\/2021\/09\/Level-1-IROA-Seminar.jpeg","datePublished":"2021-08-27T08:52:50+00:00","dateModified":"2023-05-12T14:38:52+00:00","breadcrumb":{"@id":"https:\/\/ipscbolivia.org\/index.php\/iroa-bolivia\/#breadcrumb"},"inLanguage":"es","potentialAction":[{"@type":"ReadAction","target":["https:\/\/ipscbolivia.org\/index.php\/iroa-bolivia\/"]}]},{"@type":"ImageObject","inLanguage":"es","@id":"https:\/\/ipscbolivia.org\/index.php\/iroa-bolivia\/#primaryimage","url":"https:\/\/ipscbolivia.org\/wp-content\/uploads\/2021\/09\/Level-1-IROA-Seminar.jpeg","contentUrl":"https:\/\/ipscbolivia.org\/wp-content\/uploads\/2021\/09\/Level-1-IROA-Seminar.jpeg","width":1032,"height":581},{"@type":"BreadcrumbList","@id":"https:\/\/ipscbolivia.org\/index.php\/iroa-bolivia\/#breadcrumb","itemListElement":[{"@type":"ListItem","position":1,"name":"Portada","item":"https:\/\/ipscbolivia.org\/"},{"@type":"ListItem","position":2,"name":"NROI BOLIVIA"}]},{"@type":"WebSite","@id":"https:\/\/ipscbolivia.org\/#website","url":"https:\/\/ipscbolivia.org\/","name":"FEDERACI\u00d3N BOLIVIANA TIRO PR\u00c1CTICO","description":"Direcci\u00f3n Regional IPSC Bolivia","publisher":{"@id":"https:\/\/ipscbolivia.org\/#organization"},"potentialAction":[{"@type":"SearchAction","target":{"@type":"EntryPoint","urlTemplate":"https:\/\/ipscbolivia.org\/?s={search_term_string}"},"query-input":{"@type":"PropertyValueSpecification","valueRequired":true,"valueName":"search_term_string"}}],"inLanguage":"es"},{"@type":"Organization","@id":"https:\/\/ipscbolivia.org\/#organization","name":"FEDERACI\u00d3N BOLIVIANA TIRO PR\u00c1CTICO","url":"https:\/\/ipscbolivia.org\/","logo":{"@type":"ImageObject","inLanguage":"es","@id":"https:\/\/ipscbolivia.org\/#\/schema\/logo\/image\/","url":"https:\/\/ipscbolivia.org\/wp-content\/uploads\/2022\/08\/cropped-Logo-IPSC-final-min.png","contentUrl":"https:\/\/ipscbolivia.org\/wp-content\/uploads\/2022\/08\/cropped-Logo-IPSC-final-min.png","width":1840,"height":2120,"caption":"FEDERACI\u00d3N BOLIVIANA TIRO PR\u00c1CTICO"},"image":{"@id":"https:\/\/ipscbolivia.org\/#\/schema\/logo\/image\/"}}]}},"_links":{"self":[{"href":"https:\/\/ipscbolivia.org\/index.php\/wp-json\/wp\/v2\/pages\/108","targetHints":{"allow":["GET"]}}],"collection":[{"href":"https:\/\/ipscbolivia.org\/index.php\/wp-json\/wp\/v2\/pages"}],"about":[{"href":"https:\/\/ipscbolivia.org\/index.php\/wp-json\/wp\/v2\/types\/page"}],"author":[{"embeddable":true,"href":"https:\/\/ipscbolivia.org\/index.php\/wp-json\/wp\/v2\/users\/1"}],"replies":[{"embeddable":true,"href":"https:\/\/ipscbolivia.org\/index.php\/wp-json\/wp\/v2\/comments?post=108"}],"version-history":[{"count":26,"href":"https:\/\/ipscbolivia.org\/index.php\/wp-json\/wp\/v2\/pages\/108\/revisions"}],"predecessor-version":[{"id":1140,"href":"https:\/\/ipscbolivia.org\/index.php\/wp-json\/wp\/v2\/pages\/108\/revisions\/1140"}],"wp:attachment":[{"href":"https:\/\/ipscbolivia.org\/index.php\/wp-json\/wp\/v2\/media?parent=108"}],"curies":[{"name":"wp","href":"https:\/\/api.w.org\/{rel}","templated":true}]}}